{"id":8752,"date":"2024-03-19T11:19:16","date_gmt":"2024-03-19T14:19:16","guid":{"rendered":"http:\/\/promoalge.com.br\/?post_type=product&#038;p=8752"},"modified":"2024-03-19T11:19:16","modified_gmt":"2024-03-19T14:19:16","slug":"garrafa-inox-11-litros-pr18732","status":"publish","type":"product","link":"https:\/\/promoalge.com.br\/?product=garrafa-inox-11-litros-pr18732","title":{"rendered":"Garrafa Inox 1,1 Litros &#8211; PR18732"},"content":{"rendered":"","protected":false},"excerpt":{"rendered":"<p>Garrafa de inox 1,1 litros com tampa rosque\u00e1vel e al\u00e7a pl\u00e1stica para transporte.<br \/>\nMedidas:<br \/>\nAltura :  30,5 cm;<br \/>\nLargura :  7,8 cm;<br \/>\nCircunfer\u00eancia :  24,4 cm;<\/p>\n<p>Grava\u00e7\u00e3o a laser.<\/p>\n<p>* M\u00ednimo 50 unidades.<\/p>\n","protected":false},"featured_media":8753,"template":"","meta":[],"product_brand":[],"product_cat":[237],"product_tag":[],"class_list":{"0":"post-8752","1":"product","2":"type-product","3":"status-publish","4":"has-post-thumbnail","6":"product_cat-metalicas","8":"first","9":"instock","10":"shipping-taxable","11":"product-type-simple"},"_links":{"self":[{"href":"https:\/\/promoalge.com.br\/index.php?rest_route=\/wp\/v2\/product\/8752","targetHints":{"allow":["GET"]}}],"collection":[{"href":"https:\/\/promoalge.com.br\/index.php?rest_route=\/wp\/v2\/product"}],"about":[{"href":"https:\/\/promoalge.com.br\/index.php?rest_route=\/wp\/v2\/types\/product"}],"wp:featuredmedia":[{"embeddable":true,"href":"https:\/\/promoalge.com.br\/index.php?rest_route=\/wp\/v2\/media\/8753"}],"wp:attachment":[{"href":"https:\/\/promoalge.com.br\/index.php?rest_route=%2Fwp%2Fv2%2Fmedia&parent=8752"}],"wp:term":[{"taxonomy":"product_brand","embeddable":true,"href":"https:\/\/promoalge.com.br\/index.php?rest_route=%2Fwp%2Fv2%2Fproduct_brand&post=8752"},{"taxonomy":"product_cat","embeddable":true,"href":"https:\/\/promoalge.com.br\/index.php?rest_route=%2Fwp%2Fv2%2Fproduct_cat&post=8752"},{"taxonomy":"product_tag","embeddable":true,"href":"https:\/\/promoalge.com.br\/index.php?rest_route=%2Fwp%2Fv2%2Fproduct_tag&post=8752"}],"curies":[{"name":"wp","href":"https:\/\/api.w.org\/{rel}","templated":true}]}}