{"id":8778,"date":"2024-04-12T10:55:14","date_gmt":"2024-04-12T13:55:14","guid":{"rendered":"http:\/\/promoalge.com.br\/?post_type=product&#038;p=8778"},"modified":"2025-08-12T15:09:12","modified_gmt":"2025-08-12T18:09:12","slug":"copo-termico-bambu-600ml-pr4084","status":"publish","type":"product","link":"https:\/\/promoalge.com.br\/?product=copo-termico-bambu-600ml-pr4084","title":{"rendered":"Copo T\u00e9rmico Bambu 600ml &#8211; PR4084"},"content":{"rendered":"","protected":false},"excerpt":{"rendered":"<p>Copo t\u00e9rmico de inox 600ml com parede dupla e detalhe de bambu. Tampa com acesso ao bocal e trava de seguran\u00e7a.<\/p>\n<p>Altura :  18,5 cm;<br \/>\nLargura :  8,6 cm;<br \/>\nCircunfer\u00eancia :  27,3 cm;<\/p>\n<p>Grava\u00e7\u00e3o a laser.<\/p>\n<p>* M\u00ednimo 50 unidades.<\/p>\n","protected":false},"featured_media":8779,"template":"","meta":[],"product_brand":[],"product_cat":[237],"product_tag":[],"class_list":{"0":"post-8778","1":"product","2":"type-product","3":"status-publish","4":"has-post-thumbnail","6":"product_cat-metalicas","8":"first","9":"instock","10":"shipping-taxable","11":"product-type-simple"},"_links":{"self":[{"href":"https:\/\/promoalge.com.br\/index.php?rest_route=\/wp\/v2\/product\/8778","targetHints":{"allow":["GET"]}}],"collection":[{"href":"https:\/\/promoalge.com.br\/index.php?rest_route=\/wp\/v2\/product"}],"about":[{"href":"https:\/\/promoalge.com.br\/index.php?rest_route=\/wp\/v2\/types\/product"}],"wp:featuredmedia":[{"embeddable":true,"href":"https:\/\/promoalge.com.br\/index.php?rest_route=\/wp\/v2\/media\/8779"}],"wp:attachment":[{"href":"https:\/\/promoalge.com.br\/index.php?rest_route=%2Fwp%2Fv2%2Fmedia&parent=8778"}],"wp:term":[{"taxonomy":"product_brand","embeddable":true,"href":"https:\/\/promoalge.com.br\/index.php?rest_route=%2Fwp%2Fv2%2Fproduct_brand&post=8778"},{"taxonomy":"product_cat","embeddable":true,"href":"https:\/\/promoalge.com.br\/index.php?rest_route=%2Fwp%2Fv2%2Fproduct_cat&post=8778"},{"taxonomy":"product_tag","embeddable":true,"href":"https:\/\/promoalge.com.br\/index.php?rest_route=%2Fwp%2Fv2%2Fproduct_tag&post=8778"}],"curies":[{"name":"wp","href":"https:\/\/api.w.org\/{rel}","templated":true}]}}