{"id":880,"date":"2018-06-26T15:52:52","date_gmt":"2018-06-26T18:52:52","guid":{"rendered":"http:\/\/promoalge.com.br\/?post_type=product&#038;p=880"},"modified":"2018-06-26T15:52:52","modified_gmt":"2018-06-26T18:52:52","slug":"kit-queijo-pr1733","status":"publish","type":"product","link":"https:\/\/promoalge.com.br\/?product=kit-queijo-pr1733","title":{"rendered":"Kit Queijo &#8211; PR1733"},"content":{"rendered":"","protected":false},"excerpt":{"rendered":"<p>Kit queijo 5 pe\u00e7as com t\u00e1bua de madeira, possui detalhe circular em relevo na parte superior e parte inferior com borrachas anti deslizantes. Possui: faca reta, esp\u00e1tula, faca com ponta e garfo em inox e cabo madeira. Para abrir basta rotacionar a tampa. observa\u00e7\u00e3o: T\u00e1bua 25,6 cm x 25,6 cm &#8211; Faca reta 18,5 cm x 4,5 cm \u2013 Esp\u00e1tula 19,2 cm x 7 cm \u2013 Faca com ponta 16,2 cm x 2,8 cm \u2013 Garfo 18,3 cm x 3,4 cm. Grava\u00e7\u00e3o a laser na t\u00e1bua e lamina das facas.<\/p>\n","protected":false},"featured_media":881,"template":"","meta":[],"product_brand":[],"product_cat":[49],"product_tag":[],"class_list":{"0":"post-880","1":"product","2":"type-product","3":"status-publish","4":"has-post-thumbnail","6":"product_cat-bar-queijo-vinhos","8":"first","9":"instock","10":"shipping-taxable","11":"product-type-simple"},"_links":{"self":[{"href":"https:\/\/promoalge.com.br\/index.php?rest_route=\/wp\/v2\/product\/880","targetHints":{"allow":["GET"]}}],"collection":[{"href":"https:\/\/promoalge.com.br\/index.php?rest_route=\/wp\/v2\/product"}],"about":[{"href":"https:\/\/promoalge.com.br\/index.php?rest_route=\/wp\/v2\/types\/product"}],"wp:featuredmedia":[{"embeddable":true,"href":"https:\/\/promoalge.com.br\/index.php?rest_route=\/wp\/v2\/media\/881"}],"wp:attachment":[{"href":"https:\/\/promoalge.com.br\/index.php?rest_route=%2Fwp%2Fv2%2Fmedia&parent=880"}],"wp:term":[{"taxonomy":"product_brand","embeddable":true,"href":"https:\/\/promoalge.com.br\/index.php?rest_route=%2Fwp%2Fv2%2Fproduct_brand&post=880"},{"taxonomy":"product_cat","embeddable":true,"href":"https:\/\/promoalge.com.br\/index.php?rest_route=%2Fwp%2Fv2%2Fproduct_cat&post=880"},{"taxonomy":"product_tag","embeddable":true,"href":"https:\/\/promoalge.com.br\/index.php?rest_route=%2Fwp%2Fv2%2Fproduct_tag&post=880"}],"curies":[{"name":"wp","href":"https:\/\/api.w.org\/{rel}","templated":true}]}}