{"id":8813,"date":"2024-05-06T18:29:33","date_gmt":"2024-05-06T21:29:33","guid":{"rendered":"https:\/\/promoalge.com.br\/?post_type=product&#038;p=8813"},"modified":"2024-05-06T18:29:33","modified_gmt":"2024-05-06T21:29:33","slug":"cadeira-5-posicoes-ipanema-cadip","status":"publish","type":"product","link":"https:\/\/promoalge.com.br\/?product=cadeira-5-posicoes-ipanema-cadip","title":{"rendered":"Cadeira 5 Posi\u00e7\u00f5es Ipanema &#8211; CADIP"},"content":{"rendered":"","protected":false},"excerpt":{"rendered":"<p>Cadeira de praia 5 posi\u00e7\u00f5es modelo copacabana, em alum\u00ednio, capacidade 120 kgs, assento com tela sannet. Grava\u00e7\u00e3o serigrafia em 1 cor no bolso traseiro.<\/p>\n<p>* M\u00ednimo 50 unidades.<\/p>\n","protected":false},"featured_media":8814,"template":"","meta":[],"product_brand":[],"product_cat":[414],"product_tag":[],"class_list":{"0":"post-8813","1":"product","2":"type-product","3":"status-publish","4":"has-post-thumbnail","6":"product_cat-praia-verao","8":"first","9":"instock","10":"shipping-taxable","11":"product-type-simple"},"_links":{"self":[{"href":"https:\/\/promoalge.com.br\/index.php?rest_route=\/wp\/v2\/product\/8813","targetHints":{"allow":["GET"]}}],"collection":[{"href":"https:\/\/promoalge.com.br\/index.php?rest_route=\/wp\/v2\/product"}],"about":[{"href":"https:\/\/promoalge.com.br\/index.php?rest_route=\/wp\/v2\/types\/product"}],"wp:featuredmedia":[{"embeddable":true,"href":"https:\/\/promoalge.com.br\/index.php?rest_route=\/wp\/v2\/media\/8814"}],"wp:attachment":[{"href":"https:\/\/promoalge.com.br\/index.php?rest_route=%2Fwp%2Fv2%2Fmedia&parent=8813"}],"wp:term":[{"taxonomy":"product_brand","embeddable":true,"href":"https:\/\/promoalge.com.br\/index.php?rest_route=%2Fwp%2Fv2%2Fproduct_brand&post=8813"},{"taxonomy":"product_cat","embeddable":true,"href":"https:\/\/promoalge.com.br\/index.php?rest_route=%2Fwp%2Fv2%2Fproduct_cat&post=8813"},{"taxonomy":"product_tag","embeddable":true,"href":"https:\/\/promoalge.com.br\/index.php?rest_route=%2Fwp%2Fv2%2Fproduct_tag&post=8813"}],"curies":[{"name":"wp","href":"https:\/\/api.w.org\/{rel}","templated":true}]}}