{"id":884,"date":"2018-06-26T15:58:10","date_gmt":"2018-06-26T18:58:10","guid":{"rendered":"http:\/\/promoalge.com.br\/?post_type=product&#038;p=884"},"modified":"2018-06-26T15:59:03","modified_gmt":"2018-06-26T18:59:03","slug":"kit-vinho-garrafa-pr1870","status":"publish","type":"product","link":"https:\/\/promoalge.com.br\/?product=kit-vinho-garrafa-pr1870","title":{"rendered":"Kit Vinho Garrafa &#8211; PR1870"},"content":{"rendered":"","protected":false},"excerpt":{"rendered":"<p>Kit vinho com 5 pe\u00e7as, estojo de pl\u00e1stico resistente.Conte\u00fado: 1 Anel de gargalo &#8211;  1 Tampa com bico &#8211; 1 Saca rolhas &#8211;  1 Cortador de lacre &#8211;  1 Tampa sem bico. Grava\u00e7\u00e3o serigrafia no estojo e laser no saca rolhas.<\/p>\n","protected":false},"featured_media":886,"template":"","meta":[],"product_brand":[],"product_cat":[49],"product_tag":[],"class_list":{"0":"post-884","1":"product","2":"type-product","3":"status-publish","4":"has-post-thumbnail","6":"product_cat-bar-queijo-vinhos","8":"first","9":"instock","10":"shipping-taxable","11":"product-type-simple"},"_links":{"self":[{"href":"https:\/\/promoalge.com.br\/index.php?rest_route=\/wp\/v2\/product\/884","targetHints":{"allow":["GET"]}}],"collection":[{"href":"https:\/\/promoalge.com.br\/index.php?rest_route=\/wp\/v2\/product"}],"about":[{"href":"https:\/\/promoalge.com.br\/index.php?rest_route=\/wp\/v2\/types\/product"}],"wp:featuredmedia":[{"embeddable":true,"href":"https:\/\/promoalge.com.br\/index.php?rest_route=\/wp\/v2\/media\/886"}],"wp:attachment":[{"href":"https:\/\/promoalge.com.br\/index.php?rest_route=%2Fwp%2Fv2%2Fmedia&parent=884"}],"wp:term":[{"taxonomy":"product_brand","embeddable":true,"href":"https:\/\/promoalge.com.br\/index.php?rest_route=%2Fwp%2Fv2%2Fproduct_brand&post=884"},{"taxonomy":"product_cat","embeddable":true,"href":"https:\/\/promoalge.com.br\/index.php?rest_route=%2Fwp%2Fv2%2Fproduct_cat&post=884"},{"taxonomy":"product_tag","embeddable":true,"href":"https:\/\/promoalge.com.br\/index.php?rest_route=%2Fwp%2Fv2%2Fproduct_tag&post=884"}],"curies":[{"name":"wp","href":"https:\/\/api.w.org\/{rel}","templated":true}]}}