{"id":8840,"date":"2024-11-19T16:48:01","date_gmt":"2024-11-19T19:48:01","guid":{"rendered":"http:\/\/promoalge.com.br\/?post_type=product&#038;p=8840"},"modified":"2025-02-11T14:00:49","modified_gmt":"2025-02-11T17:00:49","slug":"bloco-de-anotacoes-com-autoadesivos-pr18557","status":"publish","type":"product","link":"https:\/\/promoalge.com.br\/?product=bloco-de-anotacoes-com-autoadesivos-pr18557","title":{"rendered":"Bloco de Anota\u00e7\u00f5es com Autoadesivos &#8211; PR18557"},"content":{"rendered":"","protected":false},"excerpt":{"rendered":"<p>Bloco de anota\u00e7\u00f5es pl\u00e1stico com autoadesivos e wire-o, cont\u00e9m cinco blocos autoadesivos coloridos com aproximadamente 25 folhas cada.<br \/>\nAltura :  8,6 cm;<br \/>\nLargura :  8,5 cm<br \/>\nEspessura :  1,3 cm;<br \/>\nGrava\u00e7\u00e3o serigrafia em 1 cor.<\/p>\n<p>* M\u00ednimo 100 unidades.<\/p>\n","protected":false},"featured_media":9347,"template":"","meta":[],"product_brand":[],"product_cat":[409],"product_tag":[],"class_list":{"0":"post-8840","1":"product","2":"type-product","3":"status-publish","4":"has-post-thumbnail","6":"product_cat-escritorio","8":"first","9":"instock","10":"shipping-taxable","11":"product-type-simple"},"_links":{"self":[{"href":"https:\/\/promoalge.com.br\/index.php?rest_route=\/wp\/v2\/product\/8840","targetHints":{"allow":["GET"]}}],"collection":[{"href":"https:\/\/promoalge.com.br\/index.php?rest_route=\/wp\/v2\/product"}],"about":[{"href":"https:\/\/promoalge.com.br\/index.php?rest_route=\/wp\/v2\/types\/product"}],"wp:featuredmedia":[{"embeddable":true,"href":"https:\/\/promoalge.com.br\/index.php?rest_route=\/wp\/v2\/media\/9347"}],"wp:attachment":[{"href":"https:\/\/promoalge.com.br\/index.php?rest_route=%2Fwp%2Fv2%2Fmedia&parent=8840"}],"wp:term":[{"taxonomy":"product_brand","embeddable":true,"href":"https:\/\/promoalge.com.br\/index.php?rest_route=%2Fwp%2Fv2%2Fproduct_brand&post=8840"},{"taxonomy":"product_cat","embeddable":true,"href":"https:\/\/promoalge.com.br\/index.php?rest_route=%2Fwp%2Fv2%2Fproduct_cat&post=8840"},{"taxonomy":"product_tag","embeddable":true,"href":"https:\/\/promoalge.com.br\/index.php?rest_route=%2Fwp%2Fv2%2Fproduct_tag&post=8840"}],"curies":[{"name":"wp","href":"https:\/\/api.w.org\/{rel}","templated":true}]}}