{"id":8853,"date":"2024-07-15T13:48:27","date_gmt":"2024-07-15T16:48:27","guid":{"rendered":"https:\/\/promoalge.com.br\/?post_type=product&#038;p=8853"},"modified":"2024-07-15T13:48:27","modified_gmt":"2024-07-15T16:48:27","slug":"caneta-plastica-com-cordao-pr1094","status":"publish","type":"product","link":"https:\/\/promoalge.com.br\/?product=caneta-plastica-com-cordao-pr1094","title":{"rendered":"Caneta Pl\u00e1stica com Cord\u00e3o &#8211; PR1094"},"content":{"rendered":"","protected":false},"excerpt":{"rendered":"<p>Caneta pl\u00e1stica com carga esferogr\u00e1fica azul e acionamento por clique. Acompanha cord\u00e3o de poli\u00e9ster com tampa para encaixe da caneta. Grava\u00e7\u00e3o serigrafia em 1 cor.<\/p>\n<p>* M\u00ednimo 500 unidades.<\/p>\n","protected":false},"featured_media":8854,"template":"","meta":[],"product_brand":[],"product_cat":[18],"product_tag":[],"class_list":{"0":"post-8853","1":"product","2":"type-product","3":"status-publish","4":"has-post-thumbnail","6":"product_cat-canetas-plastica","8":"first","9":"instock","10":"shipping-taxable","11":"product-type-simple"},"_links":{"self":[{"href":"https:\/\/promoalge.com.br\/index.php?rest_route=\/wp\/v2\/product\/8853","targetHints":{"allow":["GET"]}}],"collection":[{"href":"https:\/\/promoalge.com.br\/index.php?rest_route=\/wp\/v2\/product"}],"about":[{"href":"https:\/\/promoalge.com.br\/index.php?rest_route=\/wp\/v2\/types\/product"}],"wp:featuredmedia":[{"embeddable":true,"href":"https:\/\/promoalge.com.br\/index.php?rest_route=\/wp\/v2\/media\/8854"}],"wp:attachment":[{"href":"https:\/\/promoalge.com.br\/index.php?rest_route=%2Fwp%2Fv2%2Fmedia&parent=8853"}],"wp:term":[{"taxonomy":"product_brand","embeddable":true,"href":"https:\/\/promoalge.com.br\/index.php?rest_route=%2Fwp%2Fv2%2Fproduct_brand&post=8853"},{"taxonomy":"product_cat","embeddable":true,"href":"https:\/\/promoalge.com.br\/index.php?rest_route=%2Fwp%2Fv2%2Fproduct_cat&post=8853"},{"taxonomy":"product_tag","embeddable":true,"href":"https:\/\/promoalge.com.br\/index.php?rest_route=%2Fwp%2Fv2%2Fproduct_tag&post=8853"}],"curies":[{"name":"wp","href":"https:\/\/api.w.org\/{rel}","templated":true}]}}