{"id":887,"date":"2018-06-26T16:02:44","date_gmt":"2018-06-26T19:02:44","guid":{"rendered":"http:\/\/promoalge.com.br\/?post_type=product&#038;p=887"},"modified":"2018-06-26T16:02:44","modified_gmt":"2018-06-26T19:02:44","slug":"kit-queijo-pr1887","status":"publish","type":"product","link":"https:\/\/promoalge.com.br\/?product=kit-queijo-pr1887","title":{"rendered":"Kit Queijo &#8211; PR1887"},"content":{"rendered":"","protected":false},"excerpt":{"rendered":"<p>Kit queijo com cinco pe\u00e7as em estojo de papel\u00e3o. Cont\u00e9m os talheres: faca de serra, faca com ponta, esp\u00e1tula, garfo e faca reta.Parte interna com suporte pl\u00e1stico aveludado com encaixe nas formas dos talheres. Grava\u00e7\u00e3o a laser na l\u00e2mina dos talheres.<\/p>\n","protected":false},"featured_media":888,"template":"","meta":[],"product_brand":[],"product_cat":[49],"product_tag":[],"class_list":{"0":"post-887","1":"product","2":"type-product","3":"status-publish","4":"has-post-thumbnail","6":"product_cat-bar-queijo-vinhos","8":"first","9":"instock","10":"shipping-taxable","11":"product-type-simple"},"_links":{"self":[{"href":"https:\/\/promoalge.com.br\/index.php?rest_route=\/wp\/v2\/product\/887","targetHints":{"allow":["GET"]}}],"collection":[{"href":"https:\/\/promoalge.com.br\/index.php?rest_route=\/wp\/v2\/product"}],"about":[{"href":"https:\/\/promoalge.com.br\/index.php?rest_route=\/wp\/v2\/types\/product"}],"wp:featuredmedia":[{"embeddable":true,"href":"https:\/\/promoalge.com.br\/index.php?rest_route=\/wp\/v2\/media\/888"}],"wp:attachment":[{"href":"https:\/\/promoalge.com.br\/index.php?rest_route=%2Fwp%2Fv2%2Fmedia&parent=887"}],"wp:term":[{"taxonomy":"product_brand","embeddable":true,"href":"https:\/\/promoalge.com.br\/index.php?rest_route=%2Fwp%2Fv2%2Fproduct_brand&post=887"},{"taxonomy":"product_cat","embeddable":true,"href":"https:\/\/promoalge.com.br\/index.php?rest_route=%2Fwp%2Fv2%2Fproduct_cat&post=887"},{"taxonomy":"product_tag","embeddable":true,"href":"https:\/\/promoalge.com.br\/index.php?rest_route=%2Fwp%2Fv2%2Fproduct_tag&post=887"}],"curies":[{"name":"wp","href":"https:\/\/api.w.org\/{rel}","templated":true}]}}