{"id":8871,"date":"2024-07-18T17:17:01","date_gmt":"2024-07-18T20:17:01","guid":{"rendered":"http:\/\/promoalge.com.br\/?post_type=product&#038;p=8871"},"modified":"2024-07-18T17:17:02","modified_gmt":"2024-07-18T20:17:02","slug":"caneta-plastica-pr13630","status":"publish","type":"product","link":"https:\/\/promoalge.com.br\/?product=caneta-plastica-pr13630","title":{"rendered":"Caneta Pl\u00e1stica &#8211; PR13630"},"content":{"rendered":"","protected":false},"excerpt":{"rendered":"<p>Caneta pl\u00e1stica com carga esferogr\u00e1fica azul e acionamento por clique. Grava\u00e7\u00e3o serigrafia em 1 cor.<br \/>\n* M\u00ednimo 500 unidades.<\/p>\n","protected":false},"featured_media":8872,"template":"","meta":[],"product_brand":[],"product_cat":[18],"product_tag":[],"class_list":{"0":"post-8871","1":"product","2":"type-product","3":"status-publish","4":"has-post-thumbnail","6":"product_cat-canetas-plastica","8":"first","9":"instock","10":"shipping-taxable","11":"product-type-simple"},"_links":{"self":[{"href":"https:\/\/promoalge.com.br\/index.php?rest_route=\/wp\/v2\/product\/8871","targetHints":{"allow":["GET"]}}],"collection":[{"href":"https:\/\/promoalge.com.br\/index.php?rest_route=\/wp\/v2\/product"}],"about":[{"href":"https:\/\/promoalge.com.br\/index.php?rest_route=\/wp\/v2\/types\/product"}],"wp:featuredmedia":[{"embeddable":true,"href":"https:\/\/promoalge.com.br\/index.php?rest_route=\/wp\/v2\/media\/8872"}],"wp:attachment":[{"href":"https:\/\/promoalge.com.br\/index.php?rest_route=%2Fwp%2Fv2%2Fmedia&parent=8871"}],"wp:term":[{"taxonomy":"product_brand","embeddable":true,"href":"https:\/\/promoalge.com.br\/index.php?rest_route=%2Fwp%2Fv2%2Fproduct_brand&post=8871"},{"taxonomy":"product_cat","embeddable":true,"href":"https:\/\/promoalge.com.br\/index.php?rest_route=%2Fwp%2Fv2%2Fproduct_cat&post=8871"},{"taxonomy":"product_tag","embeddable":true,"href":"https:\/\/promoalge.com.br\/index.php?rest_route=%2Fwp%2Fv2%2Fproduct_tag&post=8871"}],"curies":[{"name":"wp","href":"https:\/\/api.w.org\/{rel}","templated":true}]}}