{"id":889,"date":"2018-06-26T16:10:43","date_gmt":"2018-06-26T19:10:43","guid":{"rendered":"http:\/\/promoalge.com.br\/?post_type=product&#038;p=889"},"modified":"2019-01-18T12:01:44","modified_gmt":"2019-01-18T15:01:44","slug":"kit-vinho-pr1891","status":"publish","type":"product","link":"https:\/\/promoalge.com.br\/?product=kit-vinho-pr1891","title":{"rendered":"Kit Vinho &#8211; PR1891"},"content":{"rendered":"","protected":false},"excerpt":{"rendered":"<p>Conjunto com acess\u00f3rios para vinho, 5 pe\u00e7as. Grava\u00e7\u00e3o serigrafia em 1 cor no estojo e laser no abridor saca rolhas.<\/p>\n","protected":false},"featured_media":2562,"template":"","meta":[],"product_brand":[],"product_cat":[49],"product_tag":[],"class_list":{"0":"post-889","1":"product","2":"type-product","3":"status-publish","4":"has-post-thumbnail","6":"product_cat-bar-queijo-vinhos","8":"first","9":"instock","10":"shipping-taxable","11":"product-type-simple"},"_links":{"self":[{"href":"https:\/\/promoalge.com.br\/index.php?rest_route=\/wp\/v2\/product\/889","targetHints":{"allow":["GET"]}}],"collection":[{"href":"https:\/\/promoalge.com.br\/index.php?rest_route=\/wp\/v2\/product"}],"about":[{"href":"https:\/\/promoalge.com.br\/index.php?rest_route=\/wp\/v2\/types\/product"}],"wp:featuredmedia":[{"embeddable":true,"href":"https:\/\/promoalge.com.br\/index.php?rest_route=\/wp\/v2\/media\/2562"}],"wp:attachment":[{"href":"https:\/\/promoalge.com.br\/index.php?rest_route=%2Fwp%2Fv2%2Fmedia&parent=889"}],"wp:term":[{"taxonomy":"product_brand","embeddable":true,"href":"https:\/\/promoalge.com.br\/index.php?rest_route=%2Fwp%2Fv2%2Fproduct_brand&post=889"},{"taxonomy":"product_cat","embeddable":true,"href":"https:\/\/promoalge.com.br\/index.php?rest_route=%2Fwp%2Fv2%2Fproduct_cat&post=889"},{"taxonomy":"product_tag","embeddable":true,"href":"https:\/\/promoalge.com.br\/index.php?rest_route=%2Fwp%2Fv2%2Fproduct_tag&post=889"}],"curies":[{"name":"wp","href":"https:\/\/api.w.org\/{rel}","templated":true}]}}