{"id":8899,"date":"2024-08-31T21:08:27","date_gmt":"2024-09-01T00:08:27","guid":{"rendered":"http:\/\/promoalge.com.br\/?post_type=product&#038;p=8899"},"modified":"2024-08-31T21:08:27","modified_gmt":"2024-09-01T00:08:27","slug":"garrafa-termica-16-litros-pr15133","status":"publish","type":"product","link":"https:\/\/promoalge.com.br\/?product=garrafa-termica-16-litros-pr15133","title":{"rendered":"Garrafa T\u00e9rmica 1,6 Litros &#8211; PR15133"},"content":{"rendered":"","protected":false},"excerpt":{"rendered":"<p>Garrafa T\u00e9rmica feita em Inox 304, capacidade de 1,6L. Possui tampa rosque\u00e1vel com trava de seguran\u00e7a e bot\u00e3o de acionamento para abrir a tampa protetora do bocal. Acompanha canudo e dois bicos, sendo um de silicone e outro de pl\u00e1stico.<br \/>\nAltura :  32,5 cm;<br \/>\nLargura :  10,3 cm;<br \/>\nCircunfer\u00eancia :  32,7 cm;<br \/>\nGrava\u00e7\u00e3o a laser.<\/p>\n<p>* M\u00ednimo 50 unidades.<\/p>\n","protected":false},"featured_media":8900,"template":"","meta":[],"product_brand":[],"product_cat":[237],"product_tag":[],"class_list":{"0":"post-8899","1":"product","2":"type-product","3":"status-publish","4":"has-post-thumbnail","6":"product_cat-metalicas","8":"first","9":"instock","10":"shipping-taxable","11":"product-type-simple"},"_links":{"self":[{"href":"https:\/\/promoalge.com.br\/index.php?rest_route=\/wp\/v2\/product\/8899","targetHints":{"allow":["GET"]}}],"collection":[{"href":"https:\/\/promoalge.com.br\/index.php?rest_route=\/wp\/v2\/product"}],"about":[{"href":"https:\/\/promoalge.com.br\/index.php?rest_route=\/wp\/v2\/types\/product"}],"wp:featuredmedia":[{"embeddable":true,"href":"https:\/\/promoalge.com.br\/index.php?rest_route=\/wp\/v2\/media\/8900"}],"wp:attachment":[{"href":"https:\/\/promoalge.com.br\/index.php?rest_route=%2Fwp%2Fv2%2Fmedia&parent=8899"}],"wp:term":[{"taxonomy":"product_brand","embeddable":true,"href":"https:\/\/promoalge.com.br\/index.php?rest_route=%2Fwp%2Fv2%2Fproduct_brand&post=8899"},{"taxonomy":"product_cat","embeddable":true,"href":"https:\/\/promoalge.com.br\/index.php?rest_route=%2Fwp%2Fv2%2Fproduct_cat&post=8899"},{"taxonomy":"product_tag","embeddable":true,"href":"https:\/\/promoalge.com.br\/index.php?rest_route=%2Fwp%2Fv2%2Fproduct_tag&post=8899"}],"curies":[{"name":"wp","href":"https:\/\/api.w.org\/{rel}","templated":true}]}}