{"id":8911,"date":"2024-08-31T21:30:03","date_gmt":"2024-09-01T00:30:03","guid":{"rendered":"https:\/\/promoalge.com.br\/?post_type=product&#038;p=8911"},"modified":"2025-04-08T18:01:36","modified_gmt":"2025-04-08T21:01:36","slug":"bolsa-termica-dupla-7-litros-pr18766","status":"publish","type":"product","link":"https:\/\/promoalge.com.br\/?product=bolsa-termica-dupla-7-litros-pr18766","title":{"rendered":"Bolsa T\u00e9rmica Dupla 7 Litros &#8211; PR18766"},"content":{"rendered":"","protected":false},"excerpt":{"rendered":"<p>Bolsa t\u00e9rmica dupla em nylon com dois compartimentos t\u00e9rmicos isolados, capacidade de 7 litros. Cont\u00e9m bolso traseiro com z\u00edper, al\u00e7a de m\u00e3o e al\u00e7a para as costas. <\/p>\n<p>Altura :  26 cm<\/p>\n<p>Largura :  23 cm<\/p>\n<p>Profundidade :  12 cm<\/p>\n<p>Grava\u00e7\u00e3o serigrafia em 1 cor.<\/p>\n<p>* M\u00ednimo 50 unidades.<\/p>\n","protected":false},"featured_media":8917,"template":"","meta":[],"product_brand":[],"product_cat":[79,416,414],"product_tag":[],"class_list":{"0":"post-8911","1":"product","2":"type-product","3":"status-publish","4":"has-post-thumbnail","6":"product_cat-bolsas-mochilas","7":"product_cat-necessaire","8":"product_cat-praia-verao","10":"first","11":"instock","12":"shipping-taxable","13":"product-type-simple"},"_links":{"self":[{"href":"https:\/\/promoalge.com.br\/index.php?rest_route=\/wp\/v2\/product\/8911","targetHints":{"allow":["GET"]}}],"collection":[{"href":"https:\/\/promoalge.com.br\/index.php?rest_route=\/wp\/v2\/product"}],"about":[{"href":"https:\/\/promoalge.com.br\/index.php?rest_route=\/wp\/v2\/types\/product"}],"wp:featuredmedia":[{"embeddable":true,"href":"https:\/\/promoalge.com.br\/index.php?rest_route=\/wp\/v2\/media\/8917"}],"wp:attachment":[{"href":"https:\/\/promoalge.com.br\/index.php?rest_route=%2Fwp%2Fv2%2Fmedia&parent=8911"}],"wp:term":[{"taxonomy":"product_brand","embeddable":true,"href":"https:\/\/promoalge.com.br\/index.php?rest_route=%2Fwp%2Fv2%2Fproduct_brand&post=8911"},{"taxonomy":"product_cat","embeddable":true,"href":"https:\/\/promoalge.com.br\/index.php?rest_route=%2Fwp%2Fv2%2Fproduct_cat&post=8911"},{"taxonomy":"product_tag","embeddable":true,"href":"https:\/\/promoalge.com.br\/index.php?rest_route=%2Fwp%2Fv2%2Fproduct_tag&post=8911"}],"curies":[{"name":"wp","href":"https:\/\/api.w.org\/{rel}","templated":true}]}}