{"id":8928,"date":"2024-08-31T21:42:48","date_gmt":"2024-09-01T00:42:48","guid":{"rendered":"https:\/\/promoalge.com.br\/?post_type=product&#038;p=8928"},"modified":"2024-08-31T21:42:48","modified_gmt":"2024-09-01T00:42:48","slug":"kit-ecologico-caneta-e-lapiseira-cortica-pr6083","status":"publish","type":"product","link":"https:\/\/promoalge.com.br\/?product=kit-ecologico-caneta-e-lapiseira-cortica-pr6083","title":{"rendered":"Kit Ecol\u00f3gico Caneta e Lapiseira Corti\u00e7a &#8211; PR6083"},"content":{"rendered":"","protected":false},"excerpt":{"rendered":"<p>Kit ecol\u00f3gico, caneta e lapiseira de corti\u00e7a com detalhe em palha de trigo e estojo de kraft. Carga esferogr\u00e1fica azul 1mm e lapiseira 0.7mm com acionamento por clique.<\/p>\n<p>Largura :  5,2 cm<\/p>\n<p>Profundidade :  2,3 cm<\/p>\n<p>Comprimento :  17,2 cm<\/p>\n<p>Grava\u00e7\u00e3o serigrafia em 1 cor.<\/p>\n<p>* M\u00ednimo 100 unidades.<\/p>\n","protected":false},"featured_media":8930,"template":"","meta":[],"product_brand":[],"product_cat":[18,407,321],"product_tag":[],"class_list":{"0":"post-8928","1":"product","2":"type-product","3":"status-publish","4":"has-post-thumbnail","6":"product_cat-canetas-plastica","7":"product_cat-conjuntos","8":"product_cat-linha-ecologica","10":"first","11":"instock","12":"shipping-taxable","13":"product-type-simple"},"_links":{"self":[{"href":"https:\/\/promoalge.com.br\/index.php?rest_route=\/wp\/v2\/product\/8928","targetHints":{"allow":["GET"]}}],"collection":[{"href":"https:\/\/promoalge.com.br\/index.php?rest_route=\/wp\/v2\/product"}],"about":[{"href":"https:\/\/promoalge.com.br\/index.php?rest_route=\/wp\/v2\/types\/product"}],"wp:featuredmedia":[{"embeddable":true,"href":"https:\/\/promoalge.com.br\/index.php?rest_route=\/wp\/v2\/media\/8930"}],"wp:attachment":[{"href":"https:\/\/promoalge.com.br\/index.php?rest_route=%2Fwp%2Fv2%2Fmedia&parent=8928"}],"wp:term":[{"taxonomy":"product_brand","embeddable":true,"href":"https:\/\/promoalge.com.br\/index.php?rest_route=%2Fwp%2Fv2%2Fproduct_brand&post=8928"},{"taxonomy":"product_cat","embeddable":true,"href":"https:\/\/promoalge.com.br\/index.php?rest_route=%2Fwp%2Fv2%2Fproduct_cat&post=8928"},{"taxonomy":"product_tag","embeddable":true,"href":"https:\/\/promoalge.com.br\/index.php?rest_route=%2Fwp%2Fv2%2Fproduct_tag&post=8928"}],"curies":[{"name":"wp","href":"https:\/\/api.w.org\/{rel}","templated":true}]}}