{"id":8991,"date":"2024-08-31T22:54:38","date_gmt":"2024-09-01T01:54:38","guid":{"rendered":"https:\/\/promoalge.com.br\/?post_type=product&#038;p=8991"},"modified":"2024-08-31T22:54:38","modified_gmt":"2024-09-01T01:54:38","slug":"mouse-wireless-2-4g-pr57398","status":"publish","type":"product","link":"https:\/\/promoalge.com.br\/?product=mouse-wireless-2-4g-pr57398","title":{"rendered":"Mouse wireless 2.4G &#8211; PR57398"},"content":{"rendered":"","protected":false},"excerpt":{"rendered":"<p>Mouse wireless 2.4G em ABS 100% reciclado com acabamento emborrachado. Tr\u00eas modos de precis\u00e3o 800dpi, 1200dpi e 1600dpi. Incluso 2 pilhas AAA. 65 x 105 x 20 mm. Grava\u00e7\u00e3o serigrafia em 1 cor.<\/p>\n<p>* M\u00ednimo 50 unidades.<\/p>\n","protected":false},"featured_media":8992,"template":"","meta":[],"product_brand":[],"product_cat":[353,417],"product_tag":[],"class_list":{"0":"post-8991","1":"product","2":"type-product","3":"status-publish","4":"has-post-thumbnail","6":"product_cat-diversos","7":"product_cat-pendrive-tecnologia","9":"first","10":"instock","11":"shipping-taxable","12":"product-type-simple"},"_links":{"self":[{"href":"https:\/\/promoalge.com.br\/index.php?rest_route=\/wp\/v2\/product\/8991","targetHints":{"allow":["GET"]}}],"collection":[{"href":"https:\/\/promoalge.com.br\/index.php?rest_route=\/wp\/v2\/product"}],"about":[{"href":"https:\/\/promoalge.com.br\/index.php?rest_route=\/wp\/v2\/types\/product"}],"wp:featuredmedia":[{"embeddable":true,"href":"https:\/\/promoalge.com.br\/index.php?rest_route=\/wp\/v2\/media\/8992"}],"wp:attachment":[{"href":"https:\/\/promoalge.com.br\/index.php?rest_route=%2Fwp%2Fv2%2Fmedia&parent=8991"}],"wp:term":[{"taxonomy":"product_brand","embeddable":true,"href":"https:\/\/promoalge.com.br\/index.php?rest_route=%2Fwp%2Fv2%2Fproduct_brand&post=8991"},{"taxonomy":"product_cat","embeddable":true,"href":"https:\/\/promoalge.com.br\/index.php?rest_route=%2Fwp%2Fv2%2Fproduct_cat&post=8991"},{"taxonomy":"product_tag","embeddable":true,"href":"https:\/\/promoalge.com.br\/index.php?rest_route=%2Fwp%2Fv2%2Fproduct_tag&post=8991"}],"curies":[{"name":"wp","href":"https:\/\/api.w.org\/{rel}","templated":true}]}}