{"id":9006,"date":"2024-09-25T12:41:30","date_gmt":"2024-09-25T15:41:30","guid":{"rendered":"https:\/\/promoalge.com.br\/?post_type=product&#038;p=9006"},"modified":"2025-08-12T15:08:17","modified_gmt":"2025-08-12T18:08:17","slug":"mochila-sacola-pr4060","status":"publish","type":"product","link":"https:\/\/promoalge.com.br\/?product=mochila-sacola-pr4060","title":{"rendered":"Mochila Sacola &#8211; PR4060"},"content":{"rendered":"","protected":false},"excerpt":{"rendered":"<p>Mochila saco em poli\u00e9ster resistente \u00e0 \u00e1gua com bolso frontal. A mochila possui duas al\u00e7as de m\u00e3os e \u00e1rea costada antitranspirante. Medidas: Altura :  46 cm x Largura :  38 cm. Grava\u00e7\u00e3o serigrafia em 1 cor.<\/p>\n<p>* M\u00ednimo 100 unidades.<\/p>\n","protected":false},"featured_media":9012,"template":"","meta":[],"product_brand":[],"product_cat":[79,410],"product_tag":[],"class_list":{"0":"post-9006","1":"product","2":"type-product","3":"status-publish","4":"has-post-thumbnail","6":"product_cat-bolsas-mochilas","7":"product_cat-eventos-pastas-pvc","9":"first","10":"instock","11":"shipping-taxable","12":"product-type-simple"},"_links":{"self":[{"href":"https:\/\/promoalge.com.br\/index.php?rest_route=\/wp\/v2\/product\/9006","targetHints":{"allow":["GET"]}}],"collection":[{"href":"https:\/\/promoalge.com.br\/index.php?rest_route=\/wp\/v2\/product"}],"about":[{"href":"https:\/\/promoalge.com.br\/index.php?rest_route=\/wp\/v2\/types\/product"}],"wp:featuredmedia":[{"embeddable":true,"href":"https:\/\/promoalge.com.br\/index.php?rest_route=\/wp\/v2\/media\/9012"}],"wp:attachment":[{"href":"https:\/\/promoalge.com.br\/index.php?rest_route=%2Fwp%2Fv2%2Fmedia&parent=9006"}],"wp:term":[{"taxonomy":"product_brand","embeddable":true,"href":"https:\/\/promoalge.com.br\/index.php?rest_route=%2Fwp%2Fv2%2Fproduct_brand&post=9006"},{"taxonomy":"product_cat","embeddable":true,"href":"https:\/\/promoalge.com.br\/index.php?rest_route=%2Fwp%2Fv2%2Fproduct_cat&post=9006"},{"taxonomy":"product_tag","embeddable":true,"href":"https:\/\/promoalge.com.br\/index.php?rest_route=%2Fwp%2Fv2%2Fproduct_tag&post=9006"}],"curies":[{"name":"wp","href":"https:\/\/api.w.org\/{rel}","templated":true}]}}