{"id":9033,"date":"2024-11-12T13:36:07","date_gmt":"2024-11-12T16:36:07","guid":{"rendered":"https:\/\/promoalge.com.br\/?post_type=product&#038;p=9033"},"modified":"2025-08-12T15:08:10","modified_gmt":"2025-08-12T18:08:10","slug":"kit-churrasco-4-pecas-pr-12462b","status":"publish","type":"product","link":"https:\/\/promoalge.com.br\/?product=kit-churrasco-4-pecas-pr-12462b","title":{"rendered":"Kit Churrasco 4 Pe\u00e7as &#8211; PR 12462B"},"content":{"rendered":"","protected":false},"excerpt":{"rendered":"<p>Descri\u00e7\u00e3o: Kit churrasco 4 pe\u00e7as em estojo de nylon com al\u00e7a. Possui: pegador, garfo, faca e esp\u00e1tula de madeira, acompanha plaquinha para personaliza\u00e7\u00e3o, prote\u00e7\u00f5es pl\u00e1sticas(faca e garfo) e parte interna com el\u00e1stico para guardar as pe\u00e7as.<\/p>\n<p>Largura :  12 cm<\/p>\n<p>Comprimento :  38,4 cm <\/p>\n<p>minimo de 50 unidades<\/p>\n","protected":false},"featured_media":9034,"template":"","meta":[],"product_brand":[],"product_cat":[412],"product_tag":[],"class_list":{"0":"post-9033","1":"product","2":"type-product","3":"status-publish","4":"has-post-thumbnail","6":"product_cat-kits-churrasco","8":"first","9":"instock","10":"shipping-taxable","11":"product-type-simple"},"_links":{"self":[{"href":"https:\/\/promoalge.com.br\/index.php?rest_route=\/wp\/v2\/product\/9033","targetHints":{"allow":["GET"]}}],"collection":[{"href":"https:\/\/promoalge.com.br\/index.php?rest_route=\/wp\/v2\/product"}],"about":[{"href":"https:\/\/promoalge.com.br\/index.php?rest_route=\/wp\/v2\/types\/product"}],"wp:featuredmedia":[{"embeddable":true,"href":"https:\/\/promoalge.com.br\/index.php?rest_route=\/wp\/v2\/media\/9034"}],"wp:attachment":[{"href":"https:\/\/promoalge.com.br\/index.php?rest_route=%2Fwp%2Fv2%2Fmedia&parent=9033"}],"wp:term":[{"taxonomy":"product_brand","embeddable":true,"href":"https:\/\/promoalge.com.br\/index.php?rest_route=%2Fwp%2Fv2%2Fproduct_brand&post=9033"},{"taxonomy":"product_cat","embeddable":true,"href":"https:\/\/promoalge.com.br\/index.php?rest_route=%2Fwp%2Fv2%2Fproduct_cat&post=9033"},{"taxonomy":"product_tag","embeddable":true,"href":"https:\/\/promoalge.com.br\/index.php?rest_route=%2Fwp%2Fv2%2Fproduct_tag&post=9033"}],"curies":[{"name":"wp","href":"https:\/\/api.w.org\/{rel}","templated":true}]}}