{"id":9035,"date":"2024-11-12T13:41:16","date_gmt":"2024-11-12T16:41:16","guid":{"rendered":"https:\/\/promoalge.com.br\/?post_type=product&#038;p=9035"},"modified":"2024-11-12T13:41:16","modified_gmt":"2024-11-12T16:41:16","slug":"kit-churrasco-5-pecas-pr-14697b","status":"publish","type":"product","link":"https:\/\/promoalge.com.br\/?product=kit-churrasco-5-pecas-pr-14697b","title":{"rendered":"kit Churrasco 5 Pe\u00e7as &#8211; PR 14697B"},"content":{"rendered":"","protected":false},"excerpt":{"rendered":"<p>Descri\u00e7\u00e3o: Kit para preparar os churrascos mais deliciosos, composto por cinco pe\u00e7as com l\u00e2minas em a\u00e7o inox e cabos de madeira. Inclui tr\u00eas facas de 3&#8243;, 4&#8243; e 6&#8243; polegadas, um garfo e uma t\u00e1bua de bambu, todos acomodados em uma caixa de papel\u00e3o. \u00c9 a escolha perfeita para quem aprecia uma boa carne em momentos de coniv\u00eancia.<\/p>\n<p>Altura :  39,2 cm<\/p>\n<p>Largura :  23,2 cm<\/p>\n<p>Espessura :  3,8 cm <\/p>\n<p>minimo de 50 unidades<\/p>\n","protected":false},"featured_media":9036,"template":"","meta":[],"product_brand":[],"product_cat":[412],"product_tag":[],"class_list":{"0":"post-9035","1":"product","2":"type-product","3":"status-publish","4":"has-post-thumbnail","6":"product_cat-kits-churrasco","8":"first","9":"instock","10":"shipping-taxable","11":"product-type-simple"},"_links":{"self":[{"href":"https:\/\/promoalge.com.br\/index.php?rest_route=\/wp\/v2\/product\/9035","targetHints":{"allow":["GET"]}}],"collection":[{"href":"https:\/\/promoalge.com.br\/index.php?rest_route=\/wp\/v2\/product"}],"about":[{"href":"https:\/\/promoalge.com.br\/index.php?rest_route=\/wp\/v2\/types\/product"}],"wp:featuredmedia":[{"embeddable":true,"href":"https:\/\/promoalge.com.br\/index.php?rest_route=\/wp\/v2\/media\/9036"}],"wp:attachment":[{"href":"https:\/\/promoalge.com.br\/index.php?rest_route=%2Fwp%2Fv2%2Fmedia&parent=9035"}],"wp:term":[{"taxonomy":"product_brand","embeddable":true,"href":"https:\/\/promoalge.com.br\/index.php?rest_route=%2Fwp%2Fv2%2Fproduct_brand&post=9035"},{"taxonomy":"product_cat","embeddable":true,"href":"https:\/\/promoalge.com.br\/index.php?rest_route=%2Fwp%2Fv2%2Fproduct_cat&post=9035"},{"taxonomy":"product_tag","embeddable":true,"href":"https:\/\/promoalge.com.br\/index.php?rest_route=%2Fwp%2Fv2%2Fproduct_tag&post=9035"}],"curies":[{"name":"wp","href":"https:\/\/api.w.org\/{rel}","templated":true}]}}