{"id":9037,"date":"2024-11-12T13:46:32","date_gmt":"2024-11-12T16:46:32","guid":{"rendered":"https:\/\/promoalge.com.br\/?post_type=product&#038;p=9037"},"modified":"2024-11-12T13:46:32","modified_gmt":"2024-11-12T16:46:32","slug":"kit-churrasco-5-pecas-pr-14699b","status":"publish","type":"product","link":"https:\/\/promoalge.com.br\/?product=kit-churrasco-5-pecas-pr-14699b","title":{"rendered":"Kit Churrasco 5 Pe\u00e7as &#8211; PR 14699B"},"content":{"rendered":"","protected":false},"excerpt":{"rendered":"<p>Descri\u00e7\u00e3o: Facas para os mais diversos tipos de cortes. Com o nosso kit de churrasco, ficar\u00e3o ainda mais saborosos. Composto por 5 pe\u00e7as em l\u00e2minas em inox com cabos em madeira, proporcionando mais precis\u00e3o durante os cortes, sendo de 7\u201d, 8\u201d, 3\u201d,9\u201d e 5\u201d polegadas, todas acomodadas em um pr\u00e1tico estojo de nylon para lev\u00e1-lo para onde desejar com facilidade. Al\u00e9m disso, acompanha uma plaquinha de metal para uma personaliza\u00e7\u00e3o exclusiva. Kit perfeito para deixar as receitas mais saborosas e f\u00e1ceis de fazer.<\/p>\n<p>Largura :  13,2 cm<\/p>\n<p>Comprimento :  35,8 cm<\/p>\n<p>minimo de 50 unidades<\/p>\n","protected":false},"featured_media":9038,"template":"","meta":[],"product_brand":[],"product_cat":[412],"product_tag":[],"class_list":{"0":"post-9037","1":"product","2":"type-product","3":"status-publish","4":"has-post-thumbnail","6":"product_cat-kits-churrasco","8":"first","9":"instock","10":"shipping-taxable","11":"product-type-simple"},"_links":{"self":[{"href":"https:\/\/promoalge.com.br\/index.php?rest_route=\/wp\/v2\/product\/9037","targetHints":{"allow":["GET"]}}],"collection":[{"href":"https:\/\/promoalge.com.br\/index.php?rest_route=\/wp\/v2\/product"}],"about":[{"href":"https:\/\/promoalge.com.br\/index.php?rest_route=\/wp\/v2\/types\/product"}],"wp:featuredmedia":[{"embeddable":true,"href":"https:\/\/promoalge.com.br\/index.php?rest_route=\/wp\/v2\/media\/9038"}],"wp:attachment":[{"href":"https:\/\/promoalge.com.br\/index.php?rest_route=%2Fwp%2Fv2%2Fmedia&parent=9037"}],"wp:term":[{"taxonomy":"product_brand","embeddable":true,"href":"https:\/\/promoalge.com.br\/index.php?rest_route=%2Fwp%2Fv2%2Fproduct_brand&post=9037"},{"taxonomy":"product_cat","embeddable":true,"href":"https:\/\/promoalge.com.br\/index.php?rest_route=%2Fwp%2Fv2%2Fproduct_cat&post=9037"},{"taxonomy":"product_tag","embeddable":true,"href":"https:\/\/promoalge.com.br\/index.php?rest_route=%2Fwp%2Fv2%2Fproduct_tag&post=9037"}],"curies":[{"name":"wp","href":"https:\/\/api.w.org\/{rel}","templated":true}]}}