{"id":9039,"date":"2024-11-12T13:50:41","date_gmt":"2024-11-12T16:50:41","guid":{"rendered":"https:\/\/promoalge.com.br\/?post_type=product&#038;p=9039"},"modified":"2025-08-12T15:08:07","modified_gmt":"2025-08-12T18:08:07","slug":"kit-ferramenta-45-pecas-pr-18046","status":"publish","type":"product","link":"https:\/\/promoalge.com.br\/?product=kit-ferramenta-45-pecas-pr-18046","title":{"rendered":"Kit Ferramenta 45 pe\u00e7as &#8211; PR 18046"},"content":{"rendered":"","protected":false},"excerpt":{"rendered":"<p>Descri\u00e7\u00e3o: Solu\u00e7\u00e3o para reparos, garantindo precis\u00e3o ao apertar ou afrouxar parafusos. Nosso Kit com 45 pe\u00e7as \u00e9 perfeito para diferentes tarefas de manuten\u00e7\u00e3o. Composto por 1 chave catraca revers\u00edvel, 13 soquetes, 21 soquetes com bits, 1 ponta Torx, 3 chaves hexagonais, 1 cabo Fixo, 1 junta universal, 1 cabo de for\u00e7a em T, 1 adaptador de bits e 2 extens\u00f5es flex\u00edveis. As pe\u00e7as v\u00eam organizadas em uma maleta de pl\u00e1stico resistente, garantindo que tudo fique sempre em ordem e f\u00e1cil de transportar.<\/p>\n<p>Largura :  23,1 cm<\/p>\n<p>Profundidade :  12,5 cm<\/p>\n<p>Espessura :  3,8 cm<\/p>\n<p>minimo de 50 unidades<\/p>\n","protected":false},"featured_media":9040,"template":"","meta":[],"product_brand":[],"product_cat":[411],"product_tag":[],"class_list":{"0":"post-9039","1":"product","2":"type-product","3":"status-publish","4":"has-post-thumbnail","6":"product_cat-ferramentas","8":"first","9":"instock","10":"shipping-taxable","11":"product-type-simple"},"_links":{"self":[{"href":"https:\/\/promoalge.com.br\/index.php?rest_route=\/wp\/v2\/product\/9039","targetHints":{"allow":["GET"]}}],"collection":[{"href":"https:\/\/promoalge.com.br\/index.php?rest_route=\/wp\/v2\/product"}],"about":[{"href":"https:\/\/promoalge.com.br\/index.php?rest_route=\/wp\/v2\/types\/product"}],"wp:featuredmedia":[{"embeddable":true,"href":"https:\/\/promoalge.com.br\/index.php?rest_route=\/wp\/v2\/media\/9040"}],"wp:attachment":[{"href":"https:\/\/promoalge.com.br\/index.php?rest_route=%2Fwp%2Fv2%2Fmedia&parent=9039"}],"wp:term":[{"taxonomy":"product_brand","embeddable":true,"href":"https:\/\/promoalge.com.br\/index.php?rest_route=%2Fwp%2Fv2%2Fproduct_brand&post=9039"},{"taxonomy":"product_cat","embeddable":true,"href":"https:\/\/promoalge.com.br\/index.php?rest_route=%2Fwp%2Fv2%2Fproduct_cat&post=9039"},{"taxonomy":"product_tag","embeddable":true,"href":"https:\/\/promoalge.com.br\/index.php?rest_route=%2Fwp%2Fv2%2Fproduct_tag&post=9039"}],"curies":[{"name":"wp","href":"https:\/\/api.w.org\/{rel}","templated":true}]}}