{"id":905,"date":"2018-06-26T16:48:31","date_gmt":"2018-06-26T19:48:31","guid":{"rendered":"http:\/\/promoalge.com.br\/?post_type=product&#038;p=905"},"modified":"2018-06-26T16:50:09","modified_gmt":"2018-06-26T19:50:09","slug":"kit-queijo-pr3145","status":"publish","type":"product","link":"https:\/\/promoalge.com.br\/?product=kit-queijo-pr3145","title":{"rendered":"Kit Queijo &#8211; PR3145"},"content":{"rendered":"","protected":false},"excerpt":{"rendered":"<p>Kit queijo 4 pe\u00e7as com t\u00e1bua de bambu em estojo de nylon com z\u00edper e al\u00e7a. Cont\u00e9m: esp\u00e1tula grande, garfo, faca reta, esp\u00e1tula pequena e t\u00e1bua de bambu. Estojo com rede interna para guardar a t\u00e1bua e velcro para ficar as pe\u00e7as. Grava\u00e7\u00e3o serigrafia em 1 cor no estojo e laser nos talheres.<\/p>\n","protected":false},"featured_media":908,"template":"","meta":[],"product_brand":[],"product_cat":[49],"product_tag":[],"class_list":{"0":"post-905","1":"product","2":"type-product","3":"status-publish","4":"has-post-thumbnail","6":"product_cat-bar-queijo-vinhos","8":"first","9":"instock","10":"shipping-taxable","11":"product-type-simple"},"_links":{"self":[{"href":"https:\/\/promoalge.com.br\/index.php?rest_route=\/wp\/v2\/product\/905","targetHints":{"allow":["GET"]}}],"collection":[{"href":"https:\/\/promoalge.com.br\/index.php?rest_route=\/wp\/v2\/product"}],"about":[{"href":"https:\/\/promoalge.com.br\/index.php?rest_route=\/wp\/v2\/types\/product"}],"wp:featuredmedia":[{"embeddable":true,"href":"https:\/\/promoalge.com.br\/index.php?rest_route=\/wp\/v2\/media\/908"}],"wp:attachment":[{"href":"https:\/\/promoalge.com.br\/index.php?rest_route=%2Fwp%2Fv2%2Fmedia&parent=905"}],"wp:term":[{"taxonomy":"product_brand","embeddable":true,"href":"https:\/\/promoalge.com.br\/index.php?rest_route=%2Fwp%2Fv2%2Fproduct_brand&post=905"},{"taxonomy":"product_cat","embeddable":true,"href":"https:\/\/promoalge.com.br\/index.php?rest_route=%2Fwp%2Fv2%2Fproduct_cat&post=905"},{"taxonomy":"product_tag","embeddable":true,"href":"https:\/\/promoalge.com.br\/index.php?rest_route=%2Fwp%2Fv2%2Fproduct_tag&post=905"}],"curies":[{"name":"wp","href":"https:\/\/api.w.org\/{rel}","templated":true}]}}