{"id":9053,"date":"2024-11-12T14:06:19","date_gmt":"2024-11-12T17:06:19","guid":{"rendered":"https:\/\/promoalge.com.br\/?post_type=product&#038;p=9053"},"modified":"2024-11-12T14:06:19","modified_gmt":"2024-11-12T17:06:19","slug":"sacola-de-juta-pr-18845","status":"publish","type":"product","link":"https:\/\/promoalge.com.br\/?product=sacola-de-juta-pr-18845","title":{"rendered":"Sacola de Juta &#8211; PR 18845"},"content":{"rendered":"","protected":false},"excerpt":{"rendered":"<p>Descri\u00e7\u00e3o: A op\u00e7\u00e3o em juta que voc\u00ea nem sabia que queria, mas vai adorar t\u00ea-la ao seu lado, aonde quer que v\u00e1! A nossa sacola ecol\u00f3gica possui al\u00e7as costuradas na parte interna. Espa\u00e7osa e com cores que combinam com tudo!<\/p>\n<p>Altura :  30 cm<\/p>\n<p>Largura :  42,5 cm<\/p>\n<p>Profundidade :  12,7 cm<\/p>\n<p>quantidade minima de 50 unidades<\/p>\n","protected":false},"featured_media":9054,"template":"","meta":[],"product_brand":[],"product_cat":[321,410],"product_tag":[],"class_list":{"0":"post-9053","1":"product","2":"type-product","3":"status-publish","4":"has-post-thumbnail","6":"product_cat-linha-ecologica","7":"product_cat-eventos-pastas-pvc","9":"first","10":"instock","11":"shipping-taxable","12":"product-type-simple"},"_links":{"self":[{"href":"https:\/\/promoalge.com.br\/index.php?rest_route=\/wp\/v2\/product\/9053","targetHints":{"allow":["GET"]}}],"collection":[{"href":"https:\/\/promoalge.com.br\/index.php?rest_route=\/wp\/v2\/product"}],"about":[{"href":"https:\/\/promoalge.com.br\/index.php?rest_route=\/wp\/v2\/types\/product"}],"wp:featuredmedia":[{"embeddable":true,"href":"https:\/\/promoalge.com.br\/index.php?rest_route=\/wp\/v2\/media\/9054"}],"wp:attachment":[{"href":"https:\/\/promoalge.com.br\/index.php?rest_route=%2Fwp%2Fv2%2Fmedia&parent=9053"}],"wp:term":[{"taxonomy":"product_brand","embeddable":true,"href":"https:\/\/promoalge.com.br\/index.php?rest_route=%2Fwp%2Fv2%2Fproduct_brand&post=9053"},{"taxonomy":"product_cat","embeddable":true,"href":"https:\/\/promoalge.com.br\/index.php?rest_route=%2Fwp%2Fv2%2Fproduct_cat&post=9053"},{"taxonomy":"product_tag","embeddable":true,"href":"https:\/\/promoalge.com.br\/index.php?rest_route=%2Fwp%2Fv2%2Fproduct_tag&post=9053"}],"curies":[{"name":"wp","href":"https:\/\/api.w.org\/{rel}","templated":true}]}}