{"id":9057,"date":"2024-11-12T14:10:16","date_gmt":"2024-11-12T17:10:16","guid":{"rendered":"https:\/\/promoalge.com.br\/?post_type=product&#038;p=9057"},"modified":"2025-08-07T17:24:38","modified_gmt":"2025-08-07T20:24:38","slug":"caneca-inox-12l-pr-15170","status":"publish","type":"product","link":"https:\/\/promoalge.com.br\/?product=caneca-inox-12l-pr-15170","title":{"rendered":"Caneca Inox 1,2L &#8211; PR 15170"},"content":{"rendered":"","protected":false},"excerpt":{"rendered":"<p>Descri\u00e7\u00e3o: Sabe aquela bebida que faz o dia ficar melhor? Com a nossa caneca inox de 1,2L, \u00e9 poss\u00edvel levar essa experi\u00eancia para qualquer lugar! Pr\u00e1tica e moderna, ela pode encaixar em porta-copos do carro. Feita em pl\u00e1stico PP com acabamento externo em a\u00e7o inox, a caneca possui tampa pl\u00e1stica vers\u00e1til com acesso para o canudo que a acompanha, al\u00e9m de um bocal. Perfeita para levar bebidas deliciosas aonde quiser!<\/p>\n<p>Altura :  27,4 cm<\/p>\n<p>Largura :  14,4 cm<\/p>\n<p>Circunfer\u00eancia :  31,4 cm<\/p>\n<p>quantidade minima de 50 unidades<\/p>\n","protected":false},"featured_media":9058,"template":"","meta":[],"product_brand":[],"product_cat":[237],"product_tag":[],"class_list":{"0":"post-9057","1":"product","2":"type-product","3":"status-publish","4":"has-post-thumbnail","6":"product_cat-metalicas","8":"first","9":"instock","10":"shipping-taxable","11":"product-type-simple"},"_links":{"self":[{"href":"https:\/\/promoalge.com.br\/index.php?rest_route=\/wp\/v2\/product\/9057","targetHints":{"allow":["GET"]}}],"collection":[{"href":"https:\/\/promoalge.com.br\/index.php?rest_route=\/wp\/v2\/product"}],"about":[{"href":"https:\/\/promoalge.com.br\/index.php?rest_route=\/wp\/v2\/types\/product"}],"wp:featuredmedia":[{"embeddable":true,"href":"https:\/\/promoalge.com.br\/index.php?rest_route=\/wp\/v2\/media\/9058"}],"wp:attachment":[{"href":"https:\/\/promoalge.com.br\/index.php?rest_route=%2Fwp%2Fv2%2Fmedia&parent=9057"}],"wp:term":[{"taxonomy":"product_brand","embeddable":true,"href":"https:\/\/promoalge.com.br\/index.php?rest_route=%2Fwp%2Fv2%2Fproduct_brand&post=9057"},{"taxonomy":"product_cat","embeddable":true,"href":"https:\/\/promoalge.com.br\/index.php?rest_route=%2Fwp%2Fv2%2Fproduct_cat&post=9057"},{"taxonomy":"product_tag","embeddable":true,"href":"https:\/\/promoalge.com.br\/index.php?rest_route=%2Fwp%2Fv2%2Fproduct_tag&post=9057"}],"curies":[{"name":"wp","href":"https:\/\/api.w.org\/{rel}","templated":true}]}}