{"id":9065,"date":"2024-11-12T14:19:00","date_gmt":"2024-11-12T17:19:00","guid":{"rendered":"https:\/\/promoalge.com.br\/?post_type=product&#038;p=9065"},"modified":"2024-11-12T14:19:00","modified_gmt":"2024-11-12T17:19:00","slug":"garrafa-termica-15-litros-pr-18750","status":"publish","type":"product","link":"https:\/\/promoalge.com.br\/?product=garrafa-termica-15-litros-pr-18750","title":{"rendered":"Garrafa T\u00e9rmica 1,5 Litros &#8211; PR 18750"},"content":{"rendered":"","protected":false},"excerpt":{"rendered":"<p>Descri\u00e7\u00e3o: Garrafa T\u00e9rmica em inox 304 de parede dupla com capacidade de 1,5 litros. Possui tampa com al\u00e7a para transporte e tampa rosque\u00e1vel de prote\u00e7\u00e3o para o bocal.<\/p>\n<p>Altura :  33,5 cm<\/p>\n<p>Largura :  9,7 cm<\/p>\n<p>Circunfer\u00eancia :  30,5 cm<\/p>\n<p>quantidade minima de 50 unidades<\/p>\n","protected":false},"featured_media":9066,"template":"","meta":[],"product_brand":[],"product_cat":[237],"product_tag":[],"class_list":{"0":"post-9065","1":"product","2":"type-product","3":"status-publish","4":"has-post-thumbnail","6":"product_cat-metalicas","8":"first","9":"instock","10":"shipping-taxable","11":"product-type-simple"},"_links":{"self":[{"href":"https:\/\/promoalge.com.br\/index.php?rest_route=\/wp\/v2\/product\/9065","targetHints":{"allow":["GET"]}}],"collection":[{"href":"https:\/\/promoalge.com.br\/index.php?rest_route=\/wp\/v2\/product"}],"about":[{"href":"https:\/\/promoalge.com.br\/index.php?rest_route=\/wp\/v2\/types\/product"}],"wp:featuredmedia":[{"embeddable":true,"href":"https:\/\/promoalge.com.br\/index.php?rest_route=\/wp\/v2\/media\/9066"}],"wp:attachment":[{"href":"https:\/\/promoalge.com.br\/index.php?rest_route=%2Fwp%2Fv2%2Fmedia&parent=9065"}],"wp:term":[{"taxonomy":"product_brand","embeddable":true,"href":"https:\/\/promoalge.com.br\/index.php?rest_route=%2Fwp%2Fv2%2Fproduct_brand&post=9065"},{"taxonomy":"product_cat","embeddable":true,"href":"https:\/\/promoalge.com.br\/index.php?rest_route=%2Fwp%2Fv2%2Fproduct_cat&post=9065"},{"taxonomy":"product_tag","embeddable":true,"href":"https:\/\/promoalge.com.br\/index.php?rest_route=%2Fwp%2Fv2%2Fproduct_tag&post=9065"}],"curies":[{"name":"wp","href":"https:\/\/api.w.org\/{rel}","templated":true}]}}