{"id":9067,"date":"2024-11-12T14:20:50","date_gmt":"2024-11-12T17:20:50","guid":{"rendered":"https:\/\/promoalge.com.br\/?post_type=product&#038;p=9067"},"modified":"2025-08-07T17:24:34","modified_gmt":"2025-08-07T20:24:34","slug":"garrafa-540ml-inox-pr-18778","status":"publish","type":"product","link":"https:\/\/promoalge.com.br\/?product=garrafa-540ml-inox-pr-18778","title":{"rendered":"Garrafa 540ml Inox &#8211; PR 18778"},"content":{"rendered":"","protected":false},"excerpt":{"rendered":"<p>Descri\u00e7\u00e3o: Fa\u00e7a da hidrata\u00e7\u00e3o um h\u00e1bito saud\u00e1vel e prazeroso!  Nossa garrafa de inox de 540ml \u00e9 a companheira ideal para os dias agitados. Com um acabamento brilhante e uma tampa rosque\u00e1vel, ela \u00e9 simples e elegante, perfeita para ter ao seu lado em todos os momentos.<\/p>\n<p>Altura :  21,8 cm<\/p>\n<p>Largura :  7 cm<\/p>\n<p>Circunfer\u00eancia :  22,4 cm<\/p>\n<p>quantidade minima de 50 unidades<\/p>\n","protected":false},"featured_media":9068,"template":"","meta":[],"product_brand":[],"product_cat":[237],"product_tag":[],"class_list":{"0":"post-9067","1":"product","2":"type-product","3":"status-publish","4":"has-post-thumbnail","6":"product_cat-metalicas","8":"first","9":"instock","10":"shipping-taxable","11":"product-type-simple"},"_links":{"self":[{"href":"https:\/\/promoalge.com.br\/index.php?rest_route=\/wp\/v2\/product\/9067","targetHints":{"allow":["GET"]}}],"collection":[{"href":"https:\/\/promoalge.com.br\/index.php?rest_route=\/wp\/v2\/product"}],"about":[{"href":"https:\/\/promoalge.com.br\/index.php?rest_route=\/wp\/v2\/types\/product"}],"wp:featuredmedia":[{"embeddable":true,"href":"https:\/\/promoalge.com.br\/index.php?rest_route=\/wp\/v2\/media\/9068"}],"wp:attachment":[{"href":"https:\/\/promoalge.com.br\/index.php?rest_route=%2Fwp%2Fv2%2Fmedia&parent=9067"}],"wp:term":[{"taxonomy":"product_brand","embeddable":true,"href":"https:\/\/promoalge.com.br\/index.php?rest_route=%2Fwp%2Fv2%2Fproduct_brand&post=9067"},{"taxonomy":"product_cat","embeddable":true,"href":"https:\/\/promoalge.com.br\/index.php?rest_route=%2Fwp%2Fv2%2Fproduct_cat&post=9067"},{"taxonomy":"product_tag","embeddable":true,"href":"https:\/\/promoalge.com.br\/index.php?rest_route=%2Fwp%2Fv2%2Fproduct_tag&post=9067"}],"curies":[{"name":"wp","href":"https:\/\/api.w.org\/{rel}","templated":true}]}}