{"id":9085,"date":"2024-11-12T14:39:41","date_gmt":"2024-11-12T17:39:41","guid":{"rendered":"https:\/\/promoalge.com.br\/?post_type=product&#038;p=9085"},"modified":"2024-11-12T14:39:41","modified_gmt":"2024-11-12T17:39:41","slug":"caderneta-ecologica-com-caneta-pr-06098","status":"publish","type":"product","link":"https:\/\/promoalge.com.br\/?product=caderneta-ecologica-com-caneta-pr-06098","title":{"rendered":"Caderneta ecol\u00f3gica com Caneta &#8211; PR 06098"},"content":{"rendered":"","protected":false},"excerpt":{"rendered":"<p>Descri\u00e7\u00e3o: Caderneta ecol\u00f3gica com caneta, capa produzida em papel\u00e3o com detalhe texturizado e verso liso. Cont\u00e9m miolo com aproximadamente 70 folhas pautadas, suporte de nylon e acompanha caneta de papel\u00e3o com clip e ponteira de pl\u00e1stico, carga esferogr\u00e1fica 1.0mm e acionamento por clique.<\/p>\n<p>Altura :  17,9 cm<\/p>\n<p>Largura :  14,6 cm<\/p>\n<p>Espessura :  1,8 cm<\/p>\n<p>quantidade minima de 50 unidades<\/p>\n","protected":false},"featured_media":9086,"template":"","meta":[],"product_brand":[],"product_cat":[409,321],"product_tag":[],"class_list":{"0":"post-9085","1":"product","2":"type-product","3":"status-publish","4":"has-post-thumbnail","6":"product_cat-escritorio","7":"product_cat-linha-ecologica","9":"first","10":"instock","11":"shipping-taxable","12":"product-type-simple"},"_links":{"self":[{"href":"https:\/\/promoalge.com.br\/index.php?rest_route=\/wp\/v2\/product\/9085","targetHints":{"allow":["GET"]}}],"collection":[{"href":"https:\/\/promoalge.com.br\/index.php?rest_route=\/wp\/v2\/product"}],"about":[{"href":"https:\/\/promoalge.com.br\/index.php?rest_route=\/wp\/v2\/types\/product"}],"wp:featuredmedia":[{"embeddable":true,"href":"https:\/\/promoalge.com.br\/index.php?rest_route=\/wp\/v2\/media\/9086"}],"wp:attachment":[{"href":"https:\/\/promoalge.com.br\/index.php?rest_route=%2Fwp%2Fv2%2Fmedia&parent=9085"}],"wp:term":[{"taxonomy":"product_brand","embeddable":true,"href":"https:\/\/promoalge.com.br\/index.php?rest_route=%2Fwp%2Fv2%2Fproduct_brand&post=9085"},{"taxonomy":"product_cat","embeddable":true,"href":"https:\/\/promoalge.com.br\/index.php?rest_route=%2Fwp%2Fv2%2Fproduct_cat&post=9085"},{"taxonomy":"product_tag","embeddable":true,"href":"https:\/\/promoalge.com.br\/index.php?rest_route=%2Fwp%2Fv2%2Fproduct_tag&post=9085"}],"curies":[{"name":"wp","href":"https:\/\/api.w.org\/{rel}","templated":true}]}}