{"id":9093,"date":"2024-11-12T14:48:41","date_gmt":"2024-11-12T17:48:41","guid":{"rendered":"https:\/\/promoalge.com.br\/?post_type=product&#038;p=9093"},"modified":"2024-11-12T14:48:41","modified_gmt":"2024-11-12T17:48:41","slug":"caderneta-emborrachada-com-porta-caneta-pr-14092n","status":"publish","type":"product","link":"https:\/\/promoalge.com.br\/?product=caderneta-emborrachada-com-porta-caneta-pr-14092n","title":{"rendered":"Caderneta Emborrachada com Porta Caneta &#8211; PR 14092N"},"content":{"rendered":"","protected":false},"excerpt":{"rendered":"<p>Descri\u00e7\u00e3o: Caderneta emborrachada com porta caneta el\u00e1stico em nylon, marcador de p\u00e1gina em cetim e fita el\u00e1stica de nylon para fechar. Cont\u00e9m aproximadamente 80 folhas pardas pautadas.<\/p>\n<p>Altura :  21,2 cm<\/p>\n<p>Largura :  14 cm<\/p>\n<p>Espessura :  1,5 cm<\/p>\n<p>quantidade minima de 50 unidades<\/p>\n","protected":false},"featured_media":9094,"template":"","meta":[],"product_brand":[],"product_cat":[409],"product_tag":[],"class_list":{"0":"post-9093","1":"product","2":"type-product","3":"status-publish","4":"has-post-thumbnail","6":"product_cat-escritorio","8":"first","9":"instock","10":"shipping-taxable","11":"product-type-simple"},"_links":{"self":[{"href":"https:\/\/promoalge.com.br\/index.php?rest_route=\/wp\/v2\/product\/9093","targetHints":{"allow":["GET"]}}],"collection":[{"href":"https:\/\/promoalge.com.br\/index.php?rest_route=\/wp\/v2\/product"}],"about":[{"href":"https:\/\/promoalge.com.br\/index.php?rest_route=\/wp\/v2\/types\/product"}],"wp:featuredmedia":[{"embeddable":true,"href":"https:\/\/promoalge.com.br\/index.php?rest_route=\/wp\/v2\/media\/9094"}],"wp:attachment":[{"href":"https:\/\/promoalge.com.br\/index.php?rest_route=%2Fwp%2Fv2%2Fmedia&parent=9093"}],"wp:term":[{"taxonomy":"product_brand","embeddable":true,"href":"https:\/\/promoalge.com.br\/index.php?rest_route=%2Fwp%2Fv2%2Fproduct_brand&post=9093"},{"taxonomy":"product_cat","embeddable":true,"href":"https:\/\/promoalge.com.br\/index.php?rest_route=%2Fwp%2Fv2%2Fproduct_cat&post=9093"},{"taxonomy":"product_tag","embeddable":true,"href":"https:\/\/promoalge.com.br\/index.php?rest_route=%2Fwp%2Fv2%2Fproduct_tag&post=9093"}],"curies":[{"name":"wp","href":"https:\/\/api.w.org\/{rel}","templated":true}]}}