{"id":9101,"date":"2024-11-12T14:57:26","date_gmt":"2024-11-12T17:57:26","guid":{"rendered":"https:\/\/promoalge.com.br\/?post_type=product&#038;p=9101"},"modified":"2024-11-12T14:57:26","modified_gmt":"2024-11-12T17:57:26","slug":"sacola-plastica-pr-08052","status":"publish","type":"product","link":"https:\/\/promoalge.com.br\/?product=sacola-plastica-pr-08052","title":{"rendered":"Sacola Pl\u00e1stica &#8211; PR 08052"},"content":{"rendered":"","protected":false},"excerpt":{"rendered":"<p>Descri\u00e7\u00e3o: Confeccionada em polipropileno, esta sacola combina a resist\u00eancia com leveza, oferecendo uma solu\u00e7\u00e3o vers\u00e1til e confi\u00e1vel para suas necessidades di\u00e1rias.<\/p>\n<p>Altura :  29,2 cm<\/p>\n<p>Largura :  34,9 cm<\/p>\n<p>Profundidade :  14 cm<\/p>\n<p>Comprimento :  al\u00e7a: 21,5 cm<\/p>\n<p>quantidade minima de 50 unidades <\/p>\n","protected":false},"featured_media":9102,"template":"","meta":[],"product_brand":[],"product_cat":[410],"product_tag":[],"class_list":{"0":"post-9101","1":"product","2":"type-product","3":"status-publish","4":"has-post-thumbnail","6":"product_cat-eventos-pastas-pvc","8":"first","9":"instock","10":"shipping-taxable","11":"product-type-simple"},"_links":{"self":[{"href":"https:\/\/promoalge.com.br\/index.php?rest_route=\/wp\/v2\/product\/9101","targetHints":{"allow":["GET"]}}],"collection":[{"href":"https:\/\/promoalge.com.br\/index.php?rest_route=\/wp\/v2\/product"}],"about":[{"href":"https:\/\/promoalge.com.br\/index.php?rest_route=\/wp\/v2\/types\/product"}],"wp:featuredmedia":[{"embeddable":true,"href":"https:\/\/promoalge.com.br\/index.php?rest_route=\/wp\/v2\/media\/9102"}],"wp:attachment":[{"href":"https:\/\/promoalge.com.br\/index.php?rest_route=%2Fwp%2Fv2%2Fmedia&parent=9101"}],"wp:term":[{"taxonomy":"product_brand","embeddable":true,"href":"https:\/\/promoalge.com.br\/index.php?rest_route=%2Fwp%2Fv2%2Fproduct_brand&post=9101"},{"taxonomy":"product_cat","embeddable":true,"href":"https:\/\/promoalge.com.br\/index.php?rest_route=%2Fwp%2Fv2%2Fproduct_cat&post=9101"},{"taxonomy":"product_tag","embeddable":true,"href":"https:\/\/promoalge.com.br\/index.php?rest_route=%2Fwp%2Fv2%2Fproduct_tag&post=9101"}],"curies":[{"name":"wp","href":"https:\/\/api.w.org\/{rel}","templated":true}]}}