{"id":9121,"date":"2024-11-12T15:36:11","date_gmt":"2024-11-12T18:36:11","guid":{"rendered":"https:\/\/promoalge.com.br\/?post_type=product&#038;p=9121"},"modified":"2024-11-13T20:23:53","modified_gmt":"2024-11-13T23:23:53","slug":"sacola-termica-92346","status":"publish","type":"product","link":"https:\/\/promoalge.com.br\/?product=sacola-termica-92346","title":{"rendered":"Sacola Termica &#8211; PR 92346"},"content":{"rendered":"","protected":false},"excerpt":{"rendered":"<p>Sacola t\u00e9rmica em 600D poli\u00e9ster reciclado (100% rPET). Cont\u00e9m 2 compartimentos principais com isolamento em PEVA para facilitar a higieniza\u00e7\u00e3o e um bolso frontal com z\u00edper. Capacidade at\u00e9 10 L. Certifica\u00e7\u00e3o EU Food Grade. 280 x 230 x 160 mm<\/p>\n<p>quantidade minima de 50 unidades<\/p>\n","protected":false},"featured_media":9122,"template":"","meta":[],"product_brand":[],"product_cat":[415,414],"product_tag":[],"class_list":{"0":"post-9121","1":"product","2":"type-product","3":"status-publish","4":"has-post-thumbnail","6":"product_cat-mala-mochilas-para-notebooks","7":"product_cat-praia-verao","9":"first","10":"instock","11":"shipping-taxable","12":"product-type-simple"},"_links":{"self":[{"href":"https:\/\/promoalge.com.br\/index.php?rest_route=\/wp\/v2\/product\/9121","targetHints":{"allow":["GET"]}}],"collection":[{"href":"https:\/\/promoalge.com.br\/index.php?rest_route=\/wp\/v2\/product"}],"about":[{"href":"https:\/\/promoalge.com.br\/index.php?rest_route=\/wp\/v2\/types\/product"}],"wp:featuredmedia":[{"embeddable":true,"href":"https:\/\/promoalge.com.br\/index.php?rest_route=\/wp\/v2\/media\/9122"}],"wp:attachment":[{"href":"https:\/\/promoalge.com.br\/index.php?rest_route=%2Fwp%2Fv2%2Fmedia&parent=9121"}],"wp:term":[{"taxonomy":"product_brand","embeddable":true,"href":"https:\/\/promoalge.com.br\/index.php?rest_route=%2Fwp%2Fv2%2Fproduct_brand&post=9121"},{"taxonomy":"product_cat","embeddable":true,"href":"https:\/\/promoalge.com.br\/index.php?rest_route=%2Fwp%2Fv2%2Fproduct_cat&post=9121"},{"taxonomy":"product_tag","embeddable":true,"href":"https:\/\/promoalge.com.br\/index.php?rest_route=%2Fwp%2Fv2%2Fproduct_tag&post=9121"}],"curies":[{"name":"wp","href":"https:\/\/api.w.org\/{rel}","templated":true}]}}