{"id":913,"date":"2018-06-26T17:02:46","date_gmt":"2018-06-26T20:02:46","guid":{"rendered":"http:\/\/promoalge.com.br\/?post_type=product&#038;p=913"},"modified":"2018-06-26T17:02:46","modified_gmt":"2018-06-26T20:02:46","slug":"kit-vinho-com-xadrez-pr3121","status":"publish","type":"product","link":"https:\/\/promoalge.com.br\/?product=kit-vinho-com-xadrez-pr3121","title":{"rendered":"Kit Vinho com Xadrez &#8211; PR3121"},"content":{"rendered":"","protected":false},"excerpt":{"rendered":"<p>Kit vinho com 4 de pe\u00e7as e jogo de xadrez, possui 32 pe\u00e7as de xadrez sendo 16 marfim e 16 marrom, caixa de madeira na cor vinho.Conte\u00fado: 1 Anel de gargalo, 1 Saca rolhas, 1 Tampa convencional, 1 Term\u00f4metro. Grava\u00e7\u00e3o a laser no estojo e saca rolhas.<\/p>\n","protected":false},"featured_media":916,"template":"","meta":[],"product_brand":[],"product_cat":[49],"product_tag":[],"class_list":{"0":"post-913","1":"product","2":"type-product","3":"status-publish","4":"has-post-thumbnail","6":"product_cat-bar-queijo-vinhos","8":"first","9":"instock","10":"shipping-taxable","11":"product-type-simple"},"_links":{"self":[{"href":"https:\/\/promoalge.com.br\/index.php?rest_route=\/wp\/v2\/product\/913","targetHints":{"allow":["GET"]}}],"collection":[{"href":"https:\/\/promoalge.com.br\/index.php?rest_route=\/wp\/v2\/product"}],"about":[{"href":"https:\/\/promoalge.com.br\/index.php?rest_route=\/wp\/v2\/types\/product"}],"wp:featuredmedia":[{"embeddable":true,"href":"https:\/\/promoalge.com.br\/index.php?rest_route=\/wp\/v2\/media\/916"}],"wp:attachment":[{"href":"https:\/\/promoalge.com.br\/index.php?rest_route=%2Fwp%2Fv2%2Fmedia&parent=913"}],"wp:term":[{"taxonomy":"product_brand","embeddable":true,"href":"https:\/\/promoalge.com.br\/index.php?rest_route=%2Fwp%2Fv2%2Fproduct_brand&post=913"},{"taxonomy":"product_cat","embeddable":true,"href":"https:\/\/promoalge.com.br\/index.php?rest_route=%2Fwp%2Fv2%2Fproduct_cat&post=913"},{"taxonomy":"product_tag","embeddable":true,"href":"https:\/\/promoalge.com.br\/index.php?rest_route=%2Fwp%2Fv2%2Fproduct_tag&post=913"}],"curies":[{"name":"wp","href":"https:\/\/api.w.org\/{rel}","templated":true}]}}