{"id":9144,"date":"2024-11-12T16:07:59","date_gmt":"2024-11-12T19:07:59","guid":{"rendered":"https:\/\/promoalge.com.br\/?post_type=product&#038;p=9144"},"modified":"2024-11-13T20:21:51","modified_gmt":"2024-11-13T23:21:51","slug":"caderno-a5-pr-93623","status":"publish","type":"product","link":"https:\/\/promoalge.com.br\/?product=caderno-a5-pr-93623","title":{"rendered":"Caderno A5 &#8211; PR 93623"},"content":{"rendered":"","protected":false},"excerpt":{"rendered":"<p>Caderno A5 de capa dura em res\u00edduos de cevada (25%) e peda\u00e7os de algod\u00e3o reciclado (75%). O interior com 80 folhas pautadas de papel cevada 100% reciclada. Um caderno que se distingue por dar uma segunda vida a materiais que podem ser reciclados. 145 x 205 mm<\/p>\n<p>quantidade minima de 50 unidades<\/p>\n","protected":false},"featured_media":9145,"template":"","meta":[],"product_brand":[],"product_cat":[409],"product_tag":[],"class_list":{"0":"post-9144","1":"product","2":"type-product","3":"status-publish","4":"has-post-thumbnail","6":"product_cat-escritorio","8":"first","9":"instock","10":"shipping-taxable","11":"product-type-simple"},"_links":{"self":[{"href":"https:\/\/promoalge.com.br\/index.php?rest_route=\/wp\/v2\/product\/9144","targetHints":{"allow":["GET"]}}],"collection":[{"href":"https:\/\/promoalge.com.br\/index.php?rest_route=\/wp\/v2\/product"}],"about":[{"href":"https:\/\/promoalge.com.br\/index.php?rest_route=\/wp\/v2\/types\/product"}],"wp:featuredmedia":[{"embeddable":true,"href":"https:\/\/promoalge.com.br\/index.php?rest_route=\/wp\/v2\/media\/9145"}],"wp:attachment":[{"href":"https:\/\/promoalge.com.br\/index.php?rest_route=%2Fwp%2Fv2%2Fmedia&parent=9144"}],"wp:term":[{"taxonomy":"product_brand","embeddable":true,"href":"https:\/\/promoalge.com.br\/index.php?rest_route=%2Fwp%2Fv2%2Fproduct_brand&post=9144"},{"taxonomy":"product_cat","embeddable":true,"href":"https:\/\/promoalge.com.br\/index.php?rest_route=%2Fwp%2Fv2%2Fproduct_cat&post=9144"},{"taxonomy":"product_tag","embeddable":true,"href":"https:\/\/promoalge.com.br\/index.php?rest_route=%2Fwp%2Fv2%2Fproduct_tag&post=9144"}],"curies":[{"name":"wp","href":"https:\/\/api.w.org\/{rel}","templated":true}]}}