{"id":9148,"date":"2024-11-12T16:12:22","date_gmt":"2024-11-12T19:12:22","guid":{"rendered":"https:\/\/promoalge.com.br\/?post_type=product&#038;p=9148"},"modified":"2024-11-12T16:12:22","modified_gmt":"2024-11-12T19:12:22","slug":"oculos-de-sol-pr-98313","status":"publish","type":"product","link":"https:\/\/promoalge.com.br\/?product=oculos-de-sol-pr-98313","title":{"rendered":"Oculos de sol &#8211; PR 98313"},"content":{"rendered":"","protected":false},"excerpt":{"rendered":"<p>\u00d3culos de sol em PC. Lentes de categoria 3 com UV400 de prote\u00e7\u00e3o, em conformidade com as normas EN ISO 12312-1. Dispon\u00edvel numa variada gama de cores. 146 x 49 x 150 mm<\/p>\n<p>quantidade minima de 50 unidades<\/p>\n","protected":false},"featured_media":9149,"template":"","meta":[],"product_brand":[],"product_cat":[414],"product_tag":[],"class_list":{"0":"post-9148","1":"product","2":"type-product","3":"status-publish","4":"has-post-thumbnail","6":"product_cat-praia-verao","8":"first","9":"instock","10":"shipping-taxable","11":"product-type-simple"},"_links":{"self":[{"href":"https:\/\/promoalge.com.br\/index.php?rest_route=\/wp\/v2\/product\/9148","targetHints":{"allow":["GET"]}}],"collection":[{"href":"https:\/\/promoalge.com.br\/index.php?rest_route=\/wp\/v2\/product"}],"about":[{"href":"https:\/\/promoalge.com.br\/index.php?rest_route=\/wp\/v2\/types\/product"}],"wp:featuredmedia":[{"embeddable":true,"href":"https:\/\/promoalge.com.br\/index.php?rest_route=\/wp\/v2\/media\/9149"}],"wp:attachment":[{"href":"https:\/\/promoalge.com.br\/index.php?rest_route=%2Fwp%2Fv2%2Fmedia&parent=9148"}],"wp:term":[{"taxonomy":"product_brand","embeddable":true,"href":"https:\/\/promoalge.com.br\/index.php?rest_route=%2Fwp%2Fv2%2Fproduct_brand&post=9148"},{"taxonomy":"product_cat","embeddable":true,"href":"https:\/\/promoalge.com.br\/index.php?rest_route=%2Fwp%2Fv2%2Fproduct_cat&post=9148"},{"taxonomy":"product_tag","embeddable":true,"href":"https:\/\/promoalge.com.br\/index.php?rest_route=%2Fwp%2Fv2%2Fproduct_tag&post=9148"}],"curies":[{"name":"wp","href":"https:\/\/api.w.org\/{rel}","templated":true}]}}