{"id":9154,"date":"2024-11-12T16:22:20","date_gmt":"2024-11-12T19:22:20","guid":{"rendered":"https:\/\/promoalge.com.br\/?post_type=product&#038;p=9154"},"modified":"2024-11-13T20:20:36","modified_gmt":"2024-11-13T23:20:36","slug":"canetas-esferograficas-pr-91793","status":"publish","type":"product","link":"https:\/\/promoalge.com.br\/?product=canetas-esferograficas-pr-91793","title":{"rendered":"Caneta Met\u00e1lica &#8211; PR 91793"},"content":{"rendered":"","protected":false},"excerpt":{"rendered":"<p>Esferogr\u00e1fica com corpo em alum\u00ednio 100% reciclado, topo em 100% rPET, bot\u00e3o em bambu e clipe de metal. Escrita em azul. A cor e o resultado da impress\u00e3o nos materiais naturais pode variar entre produtos. \u00f810 x 140 mm<\/p>\n<p>quantidade minima de 50 unidade<\/p>\n","protected":false},"featured_media":9155,"template":"","meta":[],"product_brand":[],"product_cat":[346],"product_tag":[],"class_list":{"0":"post-9154","1":"product","2":"type-product","3":"status-publish","4":"has-post-thumbnail","6":"product_cat-canetas-metalicas","8":"first","9":"instock","10":"shipping-taxable","11":"product-type-simple"},"_links":{"self":[{"href":"https:\/\/promoalge.com.br\/index.php?rest_route=\/wp\/v2\/product\/9154","targetHints":{"allow":["GET"]}}],"collection":[{"href":"https:\/\/promoalge.com.br\/index.php?rest_route=\/wp\/v2\/product"}],"about":[{"href":"https:\/\/promoalge.com.br\/index.php?rest_route=\/wp\/v2\/types\/product"}],"wp:featuredmedia":[{"embeddable":true,"href":"https:\/\/promoalge.com.br\/index.php?rest_route=\/wp\/v2\/media\/9155"}],"wp:attachment":[{"href":"https:\/\/promoalge.com.br\/index.php?rest_route=%2Fwp%2Fv2%2Fmedia&parent=9154"}],"wp:term":[{"taxonomy":"product_brand","embeddable":true,"href":"https:\/\/promoalge.com.br\/index.php?rest_route=%2Fwp%2Fv2%2Fproduct_brand&post=9154"},{"taxonomy":"product_cat","embeddable":true,"href":"https:\/\/promoalge.com.br\/index.php?rest_route=%2Fwp%2Fv2%2Fproduct_cat&post=9154"},{"taxonomy":"product_tag","embeddable":true,"href":"https:\/\/promoalge.com.br\/index.php?rest_route=%2Fwp%2Fv2%2Fproduct_tag&post=9154"}],"curies":[{"name":"wp","href":"https:\/\/api.w.org\/{rel}","templated":true}]}}