{"id":9156,"date":"2024-11-12T16:25:49","date_gmt":"2024-11-12T19:25:49","guid":{"rendered":"https:\/\/promoalge.com.br\/?post_type=product&#038;p=9156"},"modified":"2024-11-13T20:19:43","modified_gmt":"2024-11-13T23:19:43","slug":"sacola-de-algodao-pr-92340","status":"publish","type":"product","link":"https:\/\/promoalge.com.br\/?product=sacola-de-algodao-pr-92340","title":{"rendered":"Sacola de Algod\u00e3o &#8211; PR 92340"},"content":{"rendered":"","protected":false},"excerpt":{"rendered":"<p>Sacola tipo mochila em 70% algod\u00e3o reciclado e 30% poli\u00e9ster reciclado (180 g\/m\u00b2) com base em corti\u00e7a. Al\u00e7as em algod\u00e3o. 370 x 410 mm<\/p>\n<p>quantidade minima de 50 unidades<\/p>\n","protected":false},"featured_media":9157,"template":"","meta":[],"product_brand":[],"product_cat":[410],"product_tag":[],"class_list":{"0":"post-9156","1":"product","2":"type-product","3":"status-publish","4":"has-post-thumbnail","6":"product_cat-eventos-pastas-pvc","8":"first","9":"instock","10":"shipping-taxable","11":"product-type-simple"},"_links":{"self":[{"href":"https:\/\/promoalge.com.br\/index.php?rest_route=\/wp\/v2\/product\/9156","targetHints":{"allow":["GET"]}}],"collection":[{"href":"https:\/\/promoalge.com.br\/index.php?rest_route=\/wp\/v2\/product"}],"about":[{"href":"https:\/\/promoalge.com.br\/index.php?rest_route=\/wp\/v2\/types\/product"}],"wp:featuredmedia":[{"embeddable":true,"href":"https:\/\/promoalge.com.br\/index.php?rest_route=\/wp\/v2\/media\/9157"}],"wp:attachment":[{"href":"https:\/\/promoalge.com.br\/index.php?rest_route=%2Fwp%2Fv2%2Fmedia&parent=9156"}],"wp:term":[{"taxonomy":"product_brand","embeddable":true,"href":"https:\/\/promoalge.com.br\/index.php?rest_route=%2Fwp%2Fv2%2Fproduct_brand&post=9156"},{"taxonomy":"product_cat","embeddable":true,"href":"https:\/\/promoalge.com.br\/index.php?rest_route=%2Fwp%2Fv2%2Fproduct_cat&post=9156"},{"taxonomy":"product_tag","embeddable":true,"href":"https:\/\/promoalge.com.br\/index.php?rest_route=%2Fwp%2Fv2%2Fproduct_tag&post=9156"}],"curies":[{"name":"wp","href":"https:\/\/api.w.org\/{rel}","templated":true}]}}