{"id":9160,"date":"2024-11-12T16:34:15","date_gmt":"2024-11-12T19:34:15","guid":{"rendered":"https:\/\/promoalge.com.br\/?post_type=product&#038;p=9160"},"modified":"2024-11-13T20:19:08","modified_gmt":"2024-11-13T23:19:08","slug":"bolsa-de-algodao-reciclado-pr-92342","status":"publish","type":"product","link":"https:\/\/promoalge.com.br\/?product=bolsa-de-algodao-reciclado-pr-92342","title":{"rendered":"Sacola de Algod\u00e3o &#8211; PR 92342"},"content":{"rendered":"","protected":false},"excerpt":{"rendered":"<p>Sacola em 70% algod\u00e3o reciclado e 30% poli\u00e9ster reciclado (220 g\/m\u00b2) com fundo em corti\u00e7a. Al\u00e7as em webbing com 65 cm. 460 x 380 x 100 mm<\/p>\n<p>quantidade minima de 50 unidades<\/p>\n","protected":false},"featured_media":9161,"template":"","meta":[],"product_brand":[],"product_cat":[321,410],"product_tag":[],"class_list":{"0":"post-9160","1":"product","2":"type-product","3":"status-publish","4":"has-post-thumbnail","6":"product_cat-linha-ecologica","7":"product_cat-eventos-pastas-pvc","9":"first","10":"instock","11":"shipping-taxable","12":"product-type-simple"},"_links":{"self":[{"href":"https:\/\/promoalge.com.br\/index.php?rest_route=\/wp\/v2\/product\/9160","targetHints":{"allow":["GET"]}}],"collection":[{"href":"https:\/\/promoalge.com.br\/index.php?rest_route=\/wp\/v2\/product"}],"about":[{"href":"https:\/\/promoalge.com.br\/index.php?rest_route=\/wp\/v2\/types\/product"}],"wp:featuredmedia":[{"embeddable":true,"href":"https:\/\/promoalge.com.br\/index.php?rest_route=\/wp\/v2\/media\/9161"}],"wp:attachment":[{"href":"https:\/\/promoalge.com.br\/index.php?rest_route=%2Fwp%2Fv2%2Fmedia&parent=9160"}],"wp:term":[{"taxonomy":"product_brand","embeddable":true,"href":"https:\/\/promoalge.com.br\/index.php?rest_route=%2Fwp%2Fv2%2Fproduct_brand&post=9160"},{"taxonomy":"product_cat","embeddable":true,"href":"https:\/\/promoalge.com.br\/index.php?rest_route=%2Fwp%2Fv2%2Fproduct_cat&post=9160"},{"taxonomy":"product_tag","embeddable":true,"href":"https:\/\/promoalge.com.br\/index.php?rest_route=%2Fwp%2Fv2%2Fproduct_tag&post=9160"}],"curies":[{"name":"wp","href":"https:\/\/api.w.org\/{rel}","templated":true}]}}