{"id":9164,"date":"2024-11-12T16:39:00","date_gmt":"2024-11-12T19:39:00","guid":{"rendered":"https:\/\/promoalge.com.br\/?post_type=product&#038;p=9164"},"modified":"2024-11-13T20:18:14","modified_gmt":"2024-11-13T23:18:14","slug":"caderno-pr-93271","status":"publish","type":"product","link":"https:\/\/promoalge.com.br\/?product=caderno-pr-93271","title":{"rendered":"Caderno &#8211; PR 93271"},"content":{"rendered":"","protected":false},"excerpt":{"rendered":"<p>Caderno A5, de capa dura, produzida atrav\u00e9s de embalagens de leite reciclados, ajudando ao reaproveitamento do cart\u00e3o e alum\u00ednio contido nas embalagens. Cont\u00e9m 80 folhas, em papel reciclado, pautadas cor de marfim, fita separadora e el\u00e1stico para fecho do caderno. 145 x 210 mm<\/p>\n<p>quantidade minima de 50 unidades<\/p>\n","protected":false},"featured_media":9165,"template":"","meta":[],"product_brand":[],"product_cat":[409,321],"product_tag":[],"class_list":{"0":"post-9164","1":"product","2":"type-product","3":"status-publish","4":"has-post-thumbnail","6":"product_cat-escritorio","7":"product_cat-linha-ecologica","9":"first","10":"instock","11":"shipping-taxable","12":"product-type-simple"},"_links":{"self":[{"href":"https:\/\/promoalge.com.br\/index.php?rest_route=\/wp\/v2\/product\/9164","targetHints":{"allow":["GET"]}}],"collection":[{"href":"https:\/\/promoalge.com.br\/index.php?rest_route=\/wp\/v2\/product"}],"about":[{"href":"https:\/\/promoalge.com.br\/index.php?rest_route=\/wp\/v2\/types\/product"}],"wp:featuredmedia":[{"embeddable":true,"href":"https:\/\/promoalge.com.br\/index.php?rest_route=\/wp\/v2\/media\/9165"}],"wp:attachment":[{"href":"https:\/\/promoalge.com.br\/index.php?rest_route=%2Fwp%2Fv2%2Fmedia&parent=9164"}],"wp:term":[{"taxonomy":"product_brand","embeddable":true,"href":"https:\/\/promoalge.com.br\/index.php?rest_route=%2Fwp%2Fv2%2Fproduct_brand&post=9164"},{"taxonomy":"product_cat","embeddable":true,"href":"https:\/\/promoalge.com.br\/index.php?rest_route=%2Fwp%2Fv2%2Fproduct_cat&post=9164"},{"taxonomy":"product_tag","embeddable":true,"href":"https:\/\/promoalge.com.br\/index.php?rest_route=%2Fwp%2Fv2%2Fproduct_tag&post=9164"}],"curies":[{"name":"wp","href":"https:\/\/api.w.org\/{rel}","templated":true}]}}