{"id":9168,"date":"2024-11-12T16:44:49","date_gmt":"2024-11-12T19:44:49","guid":{"rendered":"https:\/\/promoalge.com.br\/?post_type=product&#038;p=9168"},"modified":"2024-11-12T16:44:49","modified_gmt":"2024-11-12T19:44:49","slug":"garrafa-de-aco-pr-94283","status":"publish","type":"product","link":"https:\/\/promoalge.com.br\/?product=garrafa-de-aco-pr-94283","title":{"rendered":"Garrafa de aco &#8211; PR 94283"},"content":{"rendered":"","protected":false},"excerpt":{"rendered":"<p>Garrafa esportiva em a\u00e7o inox (90% reciclado) de parede dupla t\u00e9rmica, isolada a v\u00e1cuo. Parede com revestimento em p\u00f3 oferecendo mais durabilidade e resist\u00eancia. Tampa com pega e um mosquet\u00e3o que facilitam o transporte. Grande capacidade at\u00e9 1.2 L. Fornecido em caixa presente de papel kraft. Certifica\u00e7\u00e3o EU Food Grade. \u00f890 x 310 mm<\/p>\n<p>quantidade minima de 50 unidades<\/p>\n","protected":false},"featured_media":9169,"template":"","meta":[],"product_brand":[],"product_cat":[237],"product_tag":[],"class_list":{"0":"post-9168","1":"product","2":"type-product","3":"status-publish","4":"has-post-thumbnail","6":"product_cat-metalicas","8":"first","9":"instock","10":"shipping-taxable","11":"product-type-simple"},"_links":{"self":[{"href":"https:\/\/promoalge.com.br\/index.php?rest_route=\/wp\/v2\/product\/9168","targetHints":{"allow":["GET"]}}],"collection":[{"href":"https:\/\/promoalge.com.br\/index.php?rest_route=\/wp\/v2\/product"}],"about":[{"href":"https:\/\/promoalge.com.br\/index.php?rest_route=\/wp\/v2\/types\/product"}],"wp:featuredmedia":[{"embeddable":true,"href":"https:\/\/promoalge.com.br\/index.php?rest_route=\/wp\/v2\/media\/9169"}],"wp:attachment":[{"href":"https:\/\/promoalge.com.br\/index.php?rest_route=%2Fwp%2Fv2%2Fmedia&parent=9168"}],"wp:term":[{"taxonomy":"product_brand","embeddable":true,"href":"https:\/\/promoalge.com.br\/index.php?rest_route=%2Fwp%2Fv2%2Fproduct_brand&post=9168"},{"taxonomy":"product_cat","embeddable":true,"href":"https:\/\/promoalge.com.br\/index.php?rest_route=%2Fwp%2Fv2%2Fproduct_cat&post=9168"},{"taxonomy":"product_tag","embeddable":true,"href":"https:\/\/promoalge.com.br\/index.php?rest_route=%2Fwp%2Fv2%2Fproduct_tag&post=9168"}],"curies":[{"name":"wp","href":"https:\/\/api.w.org\/{rel}","templated":true}]}}