{"id":9176,"date":"2024-11-12T16:55:16","date_gmt":"2024-11-12T19:55:16","guid":{"rendered":"https:\/\/promoalge.com.br\/?post_type=product&#038;p=9176"},"modified":"2024-11-13T20:17:12","modified_gmt":"2024-11-13T23:17:12","slug":"gaffara-de-aco-inox-pr-94331","status":"publish","type":"product","link":"https:\/\/promoalge.com.br\/?product=gaffara-de-aco-inox-pr-94331","title":{"rendered":"Garrafa de A\u00e7o inox &#8211; PR 94331"},"content":{"rendered":"","protected":false},"excerpt":{"rendered":"<p>Garrafa em a\u00e7o inox (90% reciclado) de parede dupla t\u00e9rmica, isolada a v\u00e1cuo. Parede com revestimento em p\u00f3 oferecendo mais durabilidade e resist\u00eancia. Tampa em bambu com pega em pl\u00e1stico que facilita o transporte. Grande capacidade at\u00e9 1.2 L. Fornecido em caixa presente de papel kraft. Certifica\u00e7\u00e3o EU Food Grade. A cor e o resultado da impress\u00e3o nos materiais naturais pode variar entre produtos. \u00f890 x 287 mm<\/p>\n","protected":false},"featured_media":9177,"template":"","meta":[],"product_brand":[],"product_cat":[237],"product_tag":[],"class_list":{"0":"post-9176","1":"product","2":"type-product","3":"status-publish","4":"has-post-thumbnail","6":"product_cat-metalicas","8":"first","9":"instock","10":"shipping-taxable","11":"product-type-simple"},"_links":{"self":[{"href":"https:\/\/promoalge.com.br\/index.php?rest_route=\/wp\/v2\/product\/9176","targetHints":{"allow":["GET"]}}],"collection":[{"href":"https:\/\/promoalge.com.br\/index.php?rest_route=\/wp\/v2\/product"}],"about":[{"href":"https:\/\/promoalge.com.br\/index.php?rest_route=\/wp\/v2\/types\/product"}],"wp:featuredmedia":[{"embeddable":true,"href":"https:\/\/promoalge.com.br\/index.php?rest_route=\/wp\/v2\/media\/9177"}],"wp:attachment":[{"href":"https:\/\/promoalge.com.br\/index.php?rest_route=%2Fwp%2Fv2%2Fmedia&parent=9176"}],"wp:term":[{"taxonomy":"product_brand","embeddable":true,"href":"https:\/\/promoalge.com.br\/index.php?rest_route=%2Fwp%2Fv2%2Fproduct_brand&post=9176"},{"taxonomy":"product_cat","embeddable":true,"href":"https:\/\/promoalge.com.br\/index.php?rest_route=%2Fwp%2Fv2%2Fproduct_cat&post=9176"},{"taxonomy":"product_tag","embeddable":true,"href":"https:\/\/promoalge.com.br\/index.php?rest_route=%2Fwp%2Fv2%2Fproduct_tag&post=9176"}],"curies":[{"name":"wp","href":"https:\/\/api.w.org\/{rel}","templated":true}]}}