{"id":918,"date":"2018-06-26T17:06:37","date_gmt":"2018-06-26T20:06:37","guid":{"rendered":"http:\/\/promoalge.com.br\/?post_type=product&#038;p=918"},"modified":"2025-08-12T16:57:34","modified_gmt":"2025-08-12T19:57:34","slug":"kit-vinho-com-xadrez-pr7292","status":"publish","type":"product","link":"https:\/\/promoalge.com.br\/?product=kit-vinho-com-xadrez-pr7292","title":{"rendered":"Kit Vinho com Xadrez &#8211; PR7292"},"content":{"rendered":"","protected":false},"excerpt":{"rendered":"<p>Kit vinho com 4 de pe\u00e7as e jogo de xadrez, possui 32 pe\u00e7as de xadrez sendo 16 marfim e 16 marrom, caixa de madeira na cor preto.Conte\u00fado: 1 Anel de gargalo, 1 Saca rolhas, 1 Tampa convencional, 1 Term\u00f4metro. Grava\u00e7\u00e3o a serigrafia no estojo e laser saca rolhas.<\/p>\n","protected":false},"featured_media":922,"template":"","meta":[],"product_brand":[],"product_cat":[49],"product_tag":[],"class_list":{"0":"post-918","1":"product","2":"type-product","3":"status-publish","4":"has-post-thumbnail","6":"product_cat-bar-queijo-vinhos","8":"first","9":"instock","10":"shipping-taxable","11":"product-type-simple"},"_links":{"self":[{"href":"https:\/\/promoalge.com.br\/index.php?rest_route=\/wp\/v2\/product\/918","targetHints":{"allow":["GET"]}}],"collection":[{"href":"https:\/\/promoalge.com.br\/index.php?rest_route=\/wp\/v2\/product"}],"about":[{"href":"https:\/\/promoalge.com.br\/index.php?rest_route=\/wp\/v2\/types\/product"}],"wp:featuredmedia":[{"embeddable":true,"href":"https:\/\/promoalge.com.br\/index.php?rest_route=\/wp\/v2\/media\/922"}],"wp:attachment":[{"href":"https:\/\/promoalge.com.br\/index.php?rest_route=%2Fwp%2Fv2%2Fmedia&parent=918"}],"wp:term":[{"taxonomy":"product_brand","embeddable":true,"href":"https:\/\/promoalge.com.br\/index.php?rest_route=%2Fwp%2Fv2%2Fproduct_brand&post=918"},{"taxonomy":"product_cat","embeddable":true,"href":"https:\/\/promoalge.com.br\/index.php?rest_route=%2Fwp%2Fv2%2Fproduct_cat&post=918"},{"taxonomy":"product_tag","embeddable":true,"href":"https:\/\/promoalge.com.br\/index.php?rest_route=%2Fwp%2Fv2%2Fproduct_tag&post=918"}],"curies":[{"name":"wp","href":"https:\/\/api.w.org\/{rel}","templated":true}]}}