{"id":9180,"date":"2024-11-12T17:02:26","date_gmt":"2024-11-12T20:02:26","guid":{"rendered":"https:\/\/promoalge.com.br\/?post_type=product&#038;p=9180"},"modified":"2024-11-13T20:16:02","modified_gmt":"2024-11-13T23:16:02","slug":"abridor-de-garrafa-pr-94361","status":"publish","type":"product","link":"https:\/\/promoalge.com.br\/?product=abridor-de-garrafa-pr-94361","title":{"rendered":"Abridor de garrafa &#8211; PR 94361"},"content":{"rendered":"","protected":false},"excerpt":{"rendered":"<p>Abridor de garrafas em a\u00e7o inox com corpo em madeira de faia. Distintivo dos restantes por conter um abridor de um lado e uma argola para facilitar sua arruma\u00e7\u00e3o. A cor e o resultado da impress\u00e3o nos materiais naturais pode variar entre produtos. 40 x 180 x 10 mm<\/p>\n<p>quantidade minima de 50 unidades<\/p>\n","protected":false},"featured_media":9181,"template":"","meta":[],"product_brand":[],"product_cat":[406,353],"product_tag":[],"class_list":{"0":"post-9180","1":"product","2":"type-product","3":"status-publish","4":"has-post-thumbnail","6":"product_cat-chaveiros","7":"product_cat-diversos","9":"first","10":"instock","11":"shipping-taxable","12":"product-type-simple"},"_links":{"self":[{"href":"https:\/\/promoalge.com.br\/index.php?rest_route=\/wp\/v2\/product\/9180","targetHints":{"allow":["GET"]}}],"collection":[{"href":"https:\/\/promoalge.com.br\/index.php?rest_route=\/wp\/v2\/product"}],"about":[{"href":"https:\/\/promoalge.com.br\/index.php?rest_route=\/wp\/v2\/types\/product"}],"wp:featuredmedia":[{"embeddable":true,"href":"https:\/\/promoalge.com.br\/index.php?rest_route=\/wp\/v2\/media\/9181"}],"wp:attachment":[{"href":"https:\/\/promoalge.com.br\/index.php?rest_route=%2Fwp%2Fv2%2Fmedia&parent=9180"}],"wp:term":[{"taxonomy":"product_brand","embeddable":true,"href":"https:\/\/promoalge.com.br\/index.php?rest_route=%2Fwp%2Fv2%2Fproduct_brand&post=9180"},{"taxonomy":"product_cat","embeddable":true,"href":"https:\/\/promoalge.com.br\/index.php?rest_route=%2Fwp%2Fv2%2Fproduct_cat&post=9180"},{"taxonomy":"product_tag","embeddable":true,"href":"https:\/\/promoalge.com.br\/index.php?rest_route=%2Fwp%2Fv2%2Fproduct_tag&post=9180"}],"curies":[{"name":"wp","href":"https:\/\/api.w.org\/{rel}","templated":true}]}}