{"id":9195,"date":"2024-11-19T13:20:46","date_gmt":"2024-11-19T16:20:46","guid":{"rendered":"https:\/\/promoalge.com.br\/?post_type=product&#038;p=9195"},"modified":"2024-11-19T13:20:46","modified_gmt":"2024-11-19T16:20:46","slug":"conjunto-de-tabuas-pr-94339","status":"publish","type":"product","link":"https:\/\/promoalge.com.br\/?product=conjunto-de-tabuas-pr-94339","title":{"rendered":"Conjunto de tabuas &#8211; PR 94339"},"content":{"rendered":"","protected":false},"excerpt":{"rendered":"<p>Conjunto de t\u00e1buas em bambu com 3 facas inclusas. Composto por duas t\u00e1buas: a t\u00e1bua exterior e a t\u00e1bua interior que assume duas funcionalidades &#8211; um compartimento para tr\u00eas facas inclusas (faca de legumes, faca de p\u00e3o, faca de cozinha) e como t\u00e1bua de corte. Fornecida em caixa presente em papel kraft reciclado. Certifica\u00e7\u00e3o EU Food Grade. A cor e o resultado da impress\u00e3o nos materiais naturais pode variar entre produtos. 390 x 280 x 45 mm | T\u00e1bua exterior: 390 x 280 x 15 mm | T\u00e1bua interior: 380 x 250 x 15 mm<\/p>\n<p>Quantidade minima de 50 unidades<\/p>\n","protected":false},"featured_media":9196,"template":"","meta":[],"product_brand":[],"product_cat":[412],"product_tag":[],"class_list":{"0":"post-9195","1":"product","2":"type-product","3":"status-publish","4":"has-post-thumbnail","6":"product_cat-kits-churrasco","8":"first","9":"instock","10":"shipping-taxable","11":"product-type-simple"},"_links":{"self":[{"href":"https:\/\/promoalge.com.br\/index.php?rest_route=\/wp\/v2\/product\/9195","targetHints":{"allow":["GET"]}}],"collection":[{"href":"https:\/\/promoalge.com.br\/index.php?rest_route=\/wp\/v2\/product"}],"about":[{"href":"https:\/\/promoalge.com.br\/index.php?rest_route=\/wp\/v2\/types\/product"}],"wp:featuredmedia":[{"embeddable":true,"href":"https:\/\/promoalge.com.br\/index.php?rest_route=\/wp\/v2\/media\/9196"}],"wp:attachment":[{"href":"https:\/\/promoalge.com.br\/index.php?rest_route=%2Fwp%2Fv2%2Fmedia&parent=9195"}],"wp:term":[{"taxonomy":"product_brand","embeddable":true,"href":"https:\/\/promoalge.com.br\/index.php?rest_route=%2Fwp%2Fv2%2Fproduct_brand&post=9195"},{"taxonomy":"product_cat","embeddable":true,"href":"https:\/\/promoalge.com.br\/index.php?rest_route=%2Fwp%2Fv2%2Fproduct_cat&post=9195"},{"taxonomy":"product_tag","embeddable":true,"href":"https:\/\/promoalge.com.br\/index.php?rest_route=%2Fwp%2Fv2%2Fproduct_tag&post=9195"}],"curies":[{"name":"wp","href":"https:\/\/api.w.org\/{rel}","templated":true}]}}