{"id":9199,"date":"2024-11-19T13:27:40","date_gmt":"2024-11-19T16:27:40","guid":{"rendered":"https:\/\/promoalge.com.br\/?post_type=product&#038;p=9199"},"modified":"2024-11-19T13:27:40","modified_gmt":"2024-11-19T16:27:40","slug":"frasco-de-vidro-pr-94079","status":"publish","type":"product","link":"https:\/\/promoalge.com.br\/?product=frasco-de-vidro-pr-94079","title":{"rendered":"Frasco de vidro &#8211; PR 94079"},"content":{"rendered":"","protected":false},"excerpt":{"rendered":"<p>Frasco em vidro borossilicato com tampa de corti\u00e7a. Capacidade at\u00e9 700ml. Fornecido em caixa presente de papel kraft reciclado. Certifica\u00e7\u00e3o EU Food Grade. \u00f895 x 110 mm<\/p>\n<p>Quantidade minima de 50 unidades<\/p>\n","protected":false},"featured_media":9200,"template":"","meta":[],"product_brand":[],"product_cat":[353],"product_tag":[],"class_list":{"0":"post-9199","1":"product","2":"type-product","3":"status-publish","4":"has-post-thumbnail","6":"product_cat-diversos","8":"first","9":"instock","10":"shipping-taxable","11":"product-type-simple"},"_links":{"self":[{"href":"https:\/\/promoalge.com.br\/index.php?rest_route=\/wp\/v2\/product\/9199","targetHints":{"allow":["GET"]}}],"collection":[{"href":"https:\/\/promoalge.com.br\/index.php?rest_route=\/wp\/v2\/product"}],"about":[{"href":"https:\/\/promoalge.com.br\/index.php?rest_route=\/wp\/v2\/types\/product"}],"wp:featuredmedia":[{"embeddable":true,"href":"https:\/\/promoalge.com.br\/index.php?rest_route=\/wp\/v2\/media\/9200"}],"wp:attachment":[{"href":"https:\/\/promoalge.com.br\/index.php?rest_route=%2Fwp%2Fv2%2Fmedia&parent=9199"}],"wp:term":[{"taxonomy":"product_brand","embeddable":true,"href":"https:\/\/promoalge.com.br\/index.php?rest_route=%2Fwp%2Fv2%2Fproduct_brand&post=9199"},{"taxonomy":"product_cat","embeddable":true,"href":"https:\/\/promoalge.com.br\/index.php?rest_route=%2Fwp%2Fv2%2Fproduct_cat&post=9199"},{"taxonomy":"product_tag","embeddable":true,"href":"https:\/\/promoalge.com.br\/index.php?rest_route=%2Fwp%2Fv2%2Fproduct_tag&post=9199"}],"curies":[{"name":"wp","href":"https:\/\/api.w.org\/{rel}","templated":true}]}}