{"id":9201,"date":"2024-11-19T13:29:24","date_gmt":"2024-11-19T16:29:24","guid":{"rendered":"https:\/\/promoalge.com.br\/?post_type=product&#038;p=9201"},"modified":"2024-11-19T13:29:24","modified_gmt":"2024-11-19T16:29:24","slug":"kit-de-churrasco-pr-93845","status":"publish","type":"product","link":"https:\/\/promoalge.com.br\/?product=kit-de-churrasco-pr-93845","title":{"rendered":"Kit de churrasco &#8211; PR 93845"},"content":{"rendered":"","protected":false},"excerpt":{"rendered":"<p>Kit churrasco em estojo de alum\u00ednio. Composto por luva de cozinha em poli\u00e9ster e 6 utens\u00edlios em a\u00e7o inox: faca chefe, 1 faca japonesa, 1 pin\u00e7a, 1 garfo, 1 esp\u00e1tula e 1 afiador. Certifica\u00e7\u00e3o EU Food Grade. Estojo: 450 x 170 x 80 mm | Placa: 80 x 50 mm<\/p>\n<p>Quantidade minima de 50 unidades<\/p>\n","protected":false},"featured_media":9202,"template":"","meta":[],"product_brand":[],"product_cat":[412],"product_tag":[],"class_list":{"0":"post-9201","1":"product","2":"type-product","3":"status-publish","4":"has-post-thumbnail","6":"product_cat-kits-churrasco","8":"first","9":"instock","10":"shipping-taxable","11":"product-type-simple"},"_links":{"self":[{"href":"https:\/\/promoalge.com.br\/index.php?rest_route=\/wp\/v2\/product\/9201","targetHints":{"allow":["GET"]}}],"collection":[{"href":"https:\/\/promoalge.com.br\/index.php?rest_route=\/wp\/v2\/product"}],"about":[{"href":"https:\/\/promoalge.com.br\/index.php?rest_route=\/wp\/v2\/types\/product"}],"wp:featuredmedia":[{"embeddable":true,"href":"https:\/\/promoalge.com.br\/index.php?rest_route=\/wp\/v2\/media\/9202"}],"wp:attachment":[{"href":"https:\/\/promoalge.com.br\/index.php?rest_route=%2Fwp%2Fv2%2Fmedia&parent=9201"}],"wp:term":[{"taxonomy":"product_brand","embeddable":true,"href":"https:\/\/promoalge.com.br\/index.php?rest_route=%2Fwp%2Fv2%2Fproduct_brand&post=9201"},{"taxonomy":"product_cat","embeddable":true,"href":"https:\/\/promoalge.com.br\/index.php?rest_route=%2Fwp%2Fv2%2Fproduct_cat&post=9201"},{"taxonomy":"product_tag","embeddable":true,"href":"https:\/\/promoalge.com.br\/index.php?rest_route=%2Fwp%2Fv2%2Fproduct_tag&post=9201"}],"curies":[{"name":"wp","href":"https:\/\/api.w.org\/{rel}","templated":true}]}}