{"id":9203,"date":"2024-11-19T13:30:56","date_gmt":"2024-11-19T16:30:56","guid":{"rendered":"https:\/\/promoalge.com.br\/?post_type=product&#038;p=9203"},"modified":"2025-08-07T17:24:14","modified_gmt":"2025-08-07T20:24:14","slug":"kit-de-churrasco-pr-94102","status":"publish","type":"product","link":"https:\/\/promoalge.com.br\/?product=kit-de-churrasco-pr-94102","title":{"rendered":"Kit de churrasco &#8211; PR 94102"},"content":{"rendered":"","protected":false},"excerpt":{"rendered":"<p>Kit churrasco em estojo de 210D com pe\u00e7as em a\u00e7o inox e PP. Composto por t\u00e1bua em PP e 3 utens\u00edlios: faca chefe, garfo e afiador. Certifica\u00e7\u00e3o EU Food Grade. Estojo: 220 x 345 x 30 mm | T\u00e1bua: 195 x 285 x 5 mm<\/p>\n<p>Quantidade minima de 50 unidades<\/p>\n","protected":false},"featured_media":9204,"template":"","meta":[],"product_brand":[],"product_cat":[412],"product_tag":[],"class_list":{"0":"post-9203","1":"product","2":"type-product","3":"status-publish","4":"has-post-thumbnail","6":"product_cat-kits-churrasco","8":"first","9":"instock","10":"shipping-taxable","11":"product-type-simple"},"_links":{"self":[{"href":"https:\/\/promoalge.com.br\/index.php?rest_route=\/wp\/v2\/product\/9203","targetHints":{"allow":["GET"]}}],"collection":[{"href":"https:\/\/promoalge.com.br\/index.php?rest_route=\/wp\/v2\/product"}],"about":[{"href":"https:\/\/promoalge.com.br\/index.php?rest_route=\/wp\/v2\/types\/product"}],"wp:featuredmedia":[{"embeddable":true,"href":"https:\/\/promoalge.com.br\/index.php?rest_route=\/wp\/v2\/media\/9204"}],"wp:attachment":[{"href":"https:\/\/promoalge.com.br\/index.php?rest_route=%2Fwp%2Fv2%2Fmedia&parent=9203"}],"wp:term":[{"taxonomy":"product_brand","embeddable":true,"href":"https:\/\/promoalge.com.br\/index.php?rest_route=%2Fwp%2Fv2%2Fproduct_brand&post=9203"},{"taxonomy":"product_cat","embeddable":true,"href":"https:\/\/promoalge.com.br\/index.php?rest_route=%2Fwp%2Fv2%2Fproduct_cat&post=9203"},{"taxonomy":"product_tag","embeddable":true,"href":"https:\/\/promoalge.com.br\/index.php?rest_route=%2Fwp%2Fv2%2Fproduct_tag&post=9203"}],"curies":[{"name":"wp","href":"https:\/\/api.w.org\/{rel}","templated":true}]}}