{"id":9211,"date":"2024-11-19T13:39:51","date_gmt":"2024-11-19T16:39:51","guid":{"rendered":"https:\/\/promoalge.com.br\/?post_type=product&#038;p=9211"},"modified":"2025-08-07T17:24:10","modified_gmt":"2025-08-07T20:24:10","slug":"kit-de-utensilios-pr-94111","status":"publish","type":"product","link":"https:\/\/promoalge.com.br\/?product=kit-de-utensilios-pr-94111","title":{"rendered":"Kit de utens\u00edlios &#8211; PR 94111"},"content":{"rendered":"","protected":false},"excerpt":{"rendered":"<p>Kit churrasco em caixa de bambu. Composto por 4 utens\u00edlios em a\u00e7o inox e bambu: faca japonesa, faca chefe, faca boning e garfo. Certifica\u00e7\u00e3o EU Food Grade. A cor e o resultado da impress\u00e3o nos materiais naturais pode variar entre produtos. Caixa: 350 x 179 x 29 mm<\/p>\n<p>Quantidade minima de 50 unidades<\/p>\n","protected":false},"featured_media":9212,"template":"","meta":[],"product_brand":[],"product_cat":[412],"product_tag":[],"class_list":{"0":"post-9211","1":"product","2":"type-product","3":"status-publish","4":"has-post-thumbnail","6":"product_cat-kits-churrasco","8":"first","9":"instock","10":"shipping-taxable","11":"product-type-simple"},"_links":{"self":[{"href":"https:\/\/promoalge.com.br\/index.php?rest_route=\/wp\/v2\/product\/9211","targetHints":{"allow":["GET"]}}],"collection":[{"href":"https:\/\/promoalge.com.br\/index.php?rest_route=\/wp\/v2\/product"}],"about":[{"href":"https:\/\/promoalge.com.br\/index.php?rest_route=\/wp\/v2\/types\/product"}],"wp:featuredmedia":[{"embeddable":true,"href":"https:\/\/promoalge.com.br\/index.php?rest_route=\/wp\/v2\/media\/9212"}],"wp:attachment":[{"href":"https:\/\/promoalge.com.br\/index.php?rest_route=%2Fwp%2Fv2%2Fmedia&parent=9211"}],"wp:term":[{"taxonomy":"product_brand","embeddable":true,"href":"https:\/\/promoalge.com.br\/index.php?rest_route=%2Fwp%2Fv2%2Fproduct_brand&post=9211"},{"taxonomy":"product_cat","embeddable":true,"href":"https:\/\/promoalge.com.br\/index.php?rest_route=%2Fwp%2Fv2%2Fproduct_cat&post=9211"},{"taxonomy":"product_tag","embeddable":true,"href":"https:\/\/promoalge.com.br\/index.php?rest_route=%2Fwp%2Fv2%2Fproduct_tag&post=9211"}],"curies":[{"name":"wp","href":"https:\/\/api.w.org\/{rel}","templated":true}]}}