{"id":9215,"date":"2024-11-19T13:43:38","date_gmt":"2024-11-19T16:43:38","guid":{"rendered":"https:\/\/promoalge.com.br\/?post_type=product&#038;p=9215"},"modified":"2024-11-19T13:43:38","modified_gmt":"2024-11-19T16:43:38","slug":"abridor-de-garrafa-porta-copo-pr-94573","status":"publish","type":"product","link":"https:\/\/promoalge.com.br\/?product=abridor-de-garrafa-porta-copo-pr-94573","title":{"rendered":"Abridor de garrafa\/ porta copo &#8211; PR 94573"},"content":{"rendered":"","protected":false},"excerpt":{"rendered":"<p>Porta copos em bambu com abridor e im\u00e3 para fixar em superf\u00edcies. A cor e o resultado da impress\u00e3o nos materiais naturais pode variar entre produtos. \u00d865 x 11 mm<\/p>\n<p>Quantidade minima de 50 unidades<\/p>\n","protected":false},"featured_media":9216,"template":"","meta":[],"product_brand":[],"product_cat":[353],"product_tag":[],"class_list":{"0":"post-9215","1":"product","2":"type-product","3":"status-publish","4":"has-post-thumbnail","6":"product_cat-diversos","8":"first","9":"instock","10":"shipping-taxable","11":"product-type-simple"},"_links":{"self":[{"href":"https:\/\/promoalge.com.br\/index.php?rest_route=\/wp\/v2\/product\/9215","targetHints":{"allow":["GET"]}}],"collection":[{"href":"https:\/\/promoalge.com.br\/index.php?rest_route=\/wp\/v2\/product"}],"about":[{"href":"https:\/\/promoalge.com.br\/index.php?rest_route=\/wp\/v2\/types\/product"}],"wp:featuredmedia":[{"embeddable":true,"href":"https:\/\/promoalge.com.br\/index.php?rest_route=\/wp\/v2\/media\/9216"}],"wp:attachment":[{"href":"https:\/\/promoalge.com.br\/index.php?rest_route=%2Fwp%2Fv2%2Fmedia&parent=9215"}],"wp:term":[{"taxonomy":"product_brand","embeddable":true,"href":"https:\/\/promoalge.com.br\/index.php?rest_route=%2Fwp%2Fv2%2Fproduct_brand&post=9215"},{"taxonomy":"product_cat","embeddable":true,"href":"https:\/\/promoalge.com.br\/index.php?rest_route=%2Fwp%2Fv2%2Fproduct_cat&post=9215"},{"taxonomy":"product_tag","embeddable":true,"href":"https:\/\/promoalge.com.br\/index.php?rest_route=%2Fwp%2Fv2%2Fproduct_tag&post=9215"}],"curies":[{"name":"wp","href":"https:\/\/api.w.org\/{rel}","templated":true}]}}