{"id":923,"date":"2018-06-28T16:47:08","date_gmt":"2018-06-28T19:47:08","guid":{"rendered":"http:\/\/promoalge.com.br\/?post_type=product&#038;p=923"},"modified":"2019-07-24T17:29:58","modified_gmt":"2019-07-24T20:29:58","slug":"tabua-de-pizza-pr3241","status":"publish","type":"product","link":"https:\/\/promoalge.com.br\/?product=tabua-de-pizza-pr3241","title":{"rendered":"T\u00e1bua de Pizza &#8211; PR3241"},"content":{"rendered":"","protected":false},"excerpt":{"rendered":"<p>Kit pizza 2 pe\u00e7as com t\u00e1bua de madeira. Esp\u00e1tula e cortador de pizza com cabos de madeira, t\u00e1bua com canaleta e verso liso. Medidas Cortador 18,4 cm x 8 cm \u2013 Esp\u00e1tula 23,3 cm x 5,4 cm \u2013 T\u00e1bua 32 cm x 32 cm x 1,1 cm. Grava\u00e7\u00e3o a laser na t\u00e1bua.<\/p>\n","protected":false},"featured_media":925,"template":"","meta":[],"product_brand":[],"product_cat":[49],"product_tag":[],"class_list":{"0":"post-923","1":"product","2":"type-product","3":"status-publish","4":"has-post-thumbnail","6":"product_cat-bar-queijo-vinhos","8":"first","9":"instock","10":"shipping-taxable","11":"product-type-simple"},"_links":{"self":[{"href":"https:\/\/promoalge.com.br\/index.php?rest_route=\/wp\/v2\/product\/923","targetHints":{"allow":["GET"]}}],"collection":[{"href":"https:\/\/promoalge.com.br\/index.php?rest_route=\/wp\/v2\/product"}],"about":[{"href":"https:\/\/promoalge.com.br\/index.php?rest_route=\/wp\/v2\/types\/product"}],"wp:featuredmedia":[{"embeddable":true,"href":"https:\/\/promoalge.com.br\/index.php?rest_route=\/wp\/v2\/media\/925"}],"wp:attachment":[{"href":"https:\/\/promoalge.com.br\/index.php?rest_route=%2Fwp%2Fv2%2Fmedia&parent=923"}],"wp:term":[{"taxonomy":"product_brand","embeddable":true,"href":"https:\/\/promoalge.com.br\/index.php?rest_route=%2Fwp%2Fv2%2Fproduct_brand&post=923"},{"taxonomy":"product_cat","embeddable":true,"href":"https:\/\/promoalge.com.br\/index.php?rest_route=%2Fwp%2Fv2%2Fproduct_cat&post=923"},{"taxonomy":"product_tag","embeddable":true,"href":"https:\/\/promoalge.com.br\/index.php?rest_route=%2Fwp%2Fv2%2Fproduct_tag&post=923"}],"curies":[{"name":"wp","href":"https:\/\/api.w.org\/{rel}","templated":true}]}}