{"id":9247,"date":"2024-11-19T14:19:56","date_gmt":"2024-11-19T17:19:56","guid":{"rendered":"https:\/\/promoalge.com.br\/?post_type=product&#038;p=9247"},"modified":"2024-11-19T14:19:56","modified_gmt":"2024-11-19T17:19:56","slug":"mini-lapis-de-cor-pr-51750","status":"publish","type":"product","link":"https:\/\/promoalge.com.br\/?product=mini-lapis-de-cor-pr-51750","title":{"rendered":"Mini l\u00e1pis de cor &#8211; PR 51750"},"content":{"rendered":"","protected":false},"excerpt":{"rendered":"<p>Caixa de cart\u00e3o com 6 mini l\u00e1pis de cor. Produto certificado de acordo com a portaria Inmetro n\u00ba423 de 8\/out\/2021. 45 x 90 x 9 mm<\/p>\n<p>Quantidade minima de 50 unidades<\/p>\n","protected":false},"featured_media":9248,"template":"","meta":[],"product_brand":[],"product_cat":[353,407],"product_tag":[],"class_list":{"0":"post-9247","1":"product","2":"type-product","3":"status-publish","4":"has-post-thumbnail","6":"product_cat-diversos","7":"product_cat-conjuntos","9":"first","10":"instock","11":"shipping-taxable","12":"product-type-simple"},"_links":{"self":[{"href":"https:\/\/promoalge.com.br\/index.php?rest_route=\/wp\/v2\/product\/9247","targetHints":{"allow":["GET"]}}],"collection":[{"href":"https:\/\/promoalge.com.br\/index.php?rest_route=\/wp\/v2\/product"}],"about":[{"href":"https:\/\/promoalge.com.br\/index.php?rest_route=\/wp\/v2\/types\/product"}],"wp:featuredmedia":[{"embeddable":true,"href":"https:\/\/promoalge.com.br\/index.php?rest_route=\/wp\/v2\/media\/9248"}],"wp:attachment":[{"href":"https:\/\/promoalge.com.br\/index.php?rest_route=%2Fwp%2Fv2%2Fmedia&parent=9247"}],"wp:term":[{"taxonomy":"product_brand","embeddable":true,"href":"https:\/\/promoalge.com.br\/index.php?rest_route=%2Fwp%2Fv2%2Fproduct_brand&post=9247"},{"taxonomy":"product_cat","embeddable":true,"href":"https:\/\/promoalge.com.br\/index.php?rest_route=%2Fwp%2Fv2%2Fproduct_cat&post=9247"},{"taxonomy":"product_tag","embeddable":true,"href":"https:\/\/promoalge.com.br\/index.php?rest_route=%2Fwp%2Fv2%2Fproduct_tag&post=9247"}],"curies":[{"name":"wp","href":"https:\/\/api.w.org\/{rel}","templated":true}]}}