{"id":9255,"date":"2024-11-19T14:28:34","date_gmt":"2024-11-19T17:28:34","guid":{"rendered":"https:\/\/promoalge.com.br\/?post_type=product&#038;p=9255"},"modified":"2024-11-19T14:28:34","modified_gmt":"2024-11-19T17:28:34","slug":"conjunto-de-canetas-de-metal-pr-51781","status":"publish","type":"product","link":"https:\/\/promoalge.com.br\/?product=conjunto-de-canetas-de-metal-pr-51781","title":{"rendered":"Conjunto de canetas de metal &#8211; PR 51781"},"content":{"rendered":"","protected":false},"excerpt":{"rendered":"<p>Conjunto de roller e esferogr\u00e1fica com corpo em a\u00e7o inox 53% reciclado e clipe. Esferogr\u00e1fica com mecanismo twist e escrita at\u00e9 5 km. O conjunto tem escrita a preto. Fornecido em caixa oferta de papel kraft proveniente de uma gest\u00e3o florestal sustent\u00e1vel. Roller: \u00f811 x 130 mm | Esferogr\u00e1fica: \u00f811 x 131 mm | Caixa: 150 x 45 x 20 mm<\/p>\n<p>Quantidade minima de 50 unidades<\/p>\n","protected":false},"featured_media":9256,"template":"","meta":[],"product_brand":[],"product_cat":[407],"product_tag":[],"class_list":{"0":"post-9255","1":"product","2":"type-product","3":"status-publish","4":"has-post-thumbnail","6":"product_cat-conjuntos","8":"first","9":"instock","10":"shipping-taxable","11":"product-type-simple"},"_links":{"self":[{"href":"https:\/\/promoalge.com.br\/index.php?rest_route=\/wp\/v2\/product\/9255","targetHints":{"allow":["GET"]}}],"collection":[{"href":"https:\/\/promoalge.com.br\/index.php?rest_route=\/wp\/v2\/product"}],"about":[{"href":"https:\/\/promoalge.com.br\/index.php?rest_route=\/wp\/v2\/types\/product"}],"wp:featuredmedia":[{"embeddable":true,"href":"https:\/\/promoalge.com.br\/index.php?rest_route=\/wp\/v2\/media\/9256"}],"wp:attachment":[{"href":"https:\/\/promoalge.com.br\/index.php?rest_route=%2Fwp%2Fv2%2Fmedia&parent=9255"}],"wp:term":[{"taxonomy":"product_brand","embeddable":true,"href":"https:\/\/promoalge.com.br\/index.php?rest_route=%2Fwp%2Fv2%2Fproduct_brand&post=9255"},{"taxonomy":"product_cat","embeddable":true,"href":"https:\/\/promoalge.com.br\/index.php?rest_route=%2Fwp%2Fv2%2Fproduct_cat&post=9255"},{"taxonomy":"product_tag","embeddable":true,"href":"https:\/\/promoalge.com.br\/index.php?rest_route=%2Fwp%2Fv2%2Fproduct_tag&post=9255"}],"curies":[{"name":"wp","href":"https:\/\/api.w.org\/{rel}","templated":true}]}}