{"id":9263,"date":"2024-11-19T14:37:43","date_gmt":"2024-11-19T17:37:43","guid":{"rendered":"https:\/\/promoalge.com.br\/?post_type=product&#038;p=9263"},"modified":"2024-11-19T14:37:43","modified_gmt":"2024-11-19T17:37:43","slug":"roller-com-corpo-em-aco-inox-pr-91783","status":"publish","type":"product","link":"https:\/\/promoalge.com.br\/?product=roller-com-corpo-em-aco-inox-pr-91783","title":{"rendered":"Roller com corpo em a\u00e7o inox &#8211; PR 91783"},"content":{"rendered":"","protected":false},"excerpt":{"rendered":"<p>Roller com corpo em a\u00e7o inox 90% reciclado e corti\u00e7a com clipe. Escrita em azul. Fornecida numa bolsa de oferta em corti\u00e7a. A cor e o resultado da impress\u00e3o nos materiais naturais pode variar entre produtos. Roller: \u00f811 x 137 mm | Caixa: 155 x 40 mm<\/p>\n<p>Quantidade minima de 50 unidades<\/p>\n","protected":false},"featured_media":9264,"template":"","meta":[],"product_brand":[],"product_cat":[346],"product_tag":[],"class_list":{"0":"post-9263","1":"product","2":"type-product","3":"status-publish","4":"has-post-thumbnail","6":"product_cat-canetas-metalicas","8":"first","9":"instock","10":"shipping-taxable","11":"product-type-simple"},"_links":{"self":[{"href":"https:\/\/promoalge.com.br\/index.php?rest_route=\/wp\/v2\/product\/9263","targetHints":{"allow":["GET"]}}],"collection":[{"href":"https:\/\/promoalge.com.br\/index.php?rest_route=\/wp\/v2\/product"}],"about":[{"href":"https:\/\/promoalge.com.br\/index.php?rest_route=\/wp\/v2\/types\/product"}],"wp:featuredmedia":[{"embeddable":true,"href":"https:\/\/promoalge.com.br\/index.php?rest_route=\/wp\/v2\/media\/9264"}],"wp:attachment":[{"href":"https:\/\/promoalge.com.br\/index.php?rest_route=%2Fwp%2Fv2%2Fmedia&parent=9263"}],"wp:term":[{"taxonomy":"product_brand","embeddable":true,"href":"https:\/\/promoalge.com.br\/index.php?rest_route=%2Fwp%2Fv2%2Fproduct_brand&post=9263"},{"taxonomy":"product_cat","embeddable":true,"href":"https:\/\/promoalge.com.br\/index.php?rest_route=%2Fwp%2Fv2%2Fproduct_cat&post=9263"},{"taxonomy":"product_tag","embeddable":true,"href":"https:\/\/promoalge.com.br\/index.php?rest_route=%2Fwp%2Fv2%2Fproduct_tag&post=9263"}],"curies":[{"name":"wp","href":"https:\/\/api.w.org\/{rel}","templated":true}]}}