{"id":9276,"date":"2024-11-19T14:51:24","date_gmt":"2024-11-19T17:51:24","guid":{"rendered":"https:\/\/promoalge.com.br\/?post_type=product&#038;p=9276"},"modified":"2024-11-19T14:51:24","modified_gmt":"2024-11-19T17:51:24","slug":"caneta-esferografica-em-madeira-pr-91219","status":"publish","type":"product","link":"https:\/\/promoalge.com.br\/?product=caneta-esferografica-em-madeira-pr-91219","title":{"rendered":"Caneta esferogr\u00e1fica em madeira &#8211; PR 91219"},"content":{"rendered":"","protected":false},"excerpt":{"rendered":"<p>Esferogr\u00e1fica em madeira com tampa transparente. Escrita em azul. A cor e o resultado da impress\u00e3o nos materiais naturais pode variar entre produtos. \u00f814 x 122 mm<\/p>\n<p>Quantidade minima de 50 unidades<\/p>\n","protected":false},"featured_media":9277,"template":"","meta":[],"product_brand":[],"product_cat":[346,321],"product_tag":[],"class_list":{"0":"post-9276","1":"product","2":"type-product","3":"status-publish","4":"has-post-thumbnail","6":"product_cat-canetas-metalicas","7":"product_cat-linha-ecologica","9":"first","10":"instock","11":"shipping-taxable","12":"product-type-simple"},"_links":{"self":[{"href":"https:\/\/promoalge.com.br\/index.php?rest_route=\/wp\/v2\/product\/9276","targetHints":{"allow":["GET"]}}],"collection":[{"href":"https:\/\/promoalge.com.br\/index.php?rest_route=\/wp\/v2\/product"}],"about":[{"href":"https:\/\/promoalge.com.br\/index.php?rest_route=\/wp\/v2\/types\/product"}],"wp:featuredmedia":[{"embeddable":true,"href":"https:\/\/promoalge.com.br\/index.php?rest_route=\/wp\/v2\/media\/9277"}],"wp:attachment":[{"href":"https:\/\/promoalge.com.br\/index.php?rest_route=%2Fwp%2Fv2%2Fmedia&parent=9276"}],"wp:term":[{"taxonomy":"product_brand","embeddable":true,"href":"https:\/\/promoalge.com.br\/index.php?rest_route=%2Fwp%2Fv2%2Fproduct_brand&post=9276"},{"taxonomy":"product_cat","embeddable":true,"href":"https:\/\/promoalge.com.br\/index.php?rest_route=%2Fwp%2Fv2%2Fproduct_cat&post=9276"},{"taxonomy":"product_tag","embeddable":true,"href":"https:\/\/promoalge.com.br\/index.php?rest_route=%2Fwp%2Fv2%2Fproduct_tag&post=9276"}],"curies":[{"name":"wp","href":"https:\/\/api.w.org\/{rel}","templated":true}]}}